{"id":310,"date":"2020-12-16T16:02:28","date_gmt":"2020-12-16T16:02:28","guid":{"rendered":"http:\/\/economiasocial.aupex.org\/?page_id=310"},"modified":"2020-12-29T15:20:09","modified_gmt":"2020-12-29T15:20:09","slug":"webinars","status":"publish","type":"page","link":"https:\/\/economiasocial.aupex.org\/index.php\/webinars\/","title":{"rendered":"Webinars"},"content":{"rendered":"\n<div style=\"height:20px\" aria-hidden=\"true\" class=\"wp-block-spacer\"><\/div>\n\n\n\n<div class=\"wp-block-columns is-layout-flex wp-container-core-columns-is-layout-28f84493 wp-block-columns-is-layout-flex\">\n<div class=\"wp-block-column is-layout-flow wp-block-column-is-layout-flow\">\n<figure class=\"wp-block-embed is-type-video is-provider-youtube wp-block-embed-youtube wp-embed-aspect-16-9 wp-has-aspect-ratio\"><div class=\"wp-block-embed__wrapper\">\n<iframe loading=\"lazy\" title=\"I Foro Fundaci\u00f3n Primera Fila. &#039;Silver economy. Opci\u00f3n de futuro para Extremadura&#039;\" width=\"750\" height=\"422\" src=\"https:\/\/www.youtube.com\/embed\/s54AU6WF9GI?feature=oembed\" frameborder=\"0\" allow=\"accelerometer; autoplay; clipboard-write; encrypted-media; gyroscope; picture-in-picture; web-share\" referrerpolicy=\"strict-origin-when-cross-origin\" allowfullscreen><\/iframe>\n<\/div><\/figure>\n<\/div>\n\n\n\n<div class=\"wp-block-column is-layout-flow wp-block-column-is-layout-flow\">\n<p><strong>I Foro Fundaci\u00f3n Primera Fila. &#8216;Silver economy. Opci\u00f3n de futuro para Extremadura&#8217;<\/strong><\/p>\n\n\n\n<p>El Foro Fundaci\u00f3n Primera Fila celebra su primera edici\u00f3n, un encuentro online que pone el foco en colectivos necesitados de atenci\u00f3n social, bajo el t\u00edtulo \u2018Silver economy. Una opci\u00f3n de futuro para Extremadura\u2019.<\/p>\n<\/div>\n<\/div>\n\n\n\n<hr class=\"wp-block-separator has-text-color has-background has-header-gradient-background-color has-header-gradient-color is-style-default\"\/>\n\n\n\n<div class=\"wp-block-columns is-layout-flex wp-container-core-columns-is-layout-28f84493 wp-block-columns-is-layout-flex\">\n<div class=\"wp-block-column is-layout-flow wp-block-column-is-layout-flow\">\n<figure class=\"wp-block-embed is-type-video is-provider-youtube wp-block-embed-youtube wp-embed-aspect-16-9 wp-has-aspect-ratio\"><div class=\"wp-block-embed__wrapper\">\n<iframe loading=\"lazy\" title=\"Enfocado 2030: Econom\u00eda Naranja\" width=\"750\" height=\"422\" src=\"https:\/\/www.youtube.com\/embed\/sUnPIo7UpNc?feature=oembed\" frameborder=\"0\" allow=\"accelerometer; autoplay; clipboard-write; encrypted-media; gyroscope; picture-in-picture; web-share\" referrerpolicy=\"strict-origin-when-cross-origin\" allowfullscreen><\/iframe>\n<\/div><\/figure>\n<\/div>\n\n\n\n<div class=\"wp-block-column is-layout-flow wp-block-column-is-layout-flow\">\n<p><strong>Enfocado 2030: Econom\u00eda Naranja<\/strong><\/p>\n\n\n\n<p>Econom\u00eda Naranja es el conjunto de actividades que de manera encadenada permiten que las ideas se transformen en bienes y servicios culturales, cuyo valor est\u00e1 determinado por su contenido de propiedad intelectual.<\/p>\n<\/div>\n<\/div>\n\n\n\n<hr class=\"wp-block-separator has-text-color has-background has-header-gradient-background-color has-header-gradient-color is-style-default\"\/>\n\n\n\n<div style=\"height:20px\" aria-hidden=\"true\" class=\"wp-block-spacer\"><\/div>\n\n\n\n<div class=\"wp-block-columns is-layout-flex wp-container-core-columns-is-layout-28f84493 wp-block-columns-is-layout-flex\">\n<div class=\"wp-block-column is-layout-flow wp-block-column-is-layout-flow\">\n<figure class=\"wp-block-embed is-type-video is-provider-youtube wp-block-embed-youtube wp-embed-aspect-16-9 wp-has-aspect-ratio\"><div class=\"wp-block-embed__wrapper\">\n<iframe loading=\"lazy\" title=\"2020-04-29. Foros ODS a Debate. Webinar. ODS 8 - Trabajo decente y crecimiento econ\u00f3mico\" width=\"750\" height=\"422\" src=\"https:\/\/www.youtube.com\/embed\/OdqDcc6hGLk?feature=oembed\" frameborder=\"0\" allow=\"accelerometer; autoplay; clipboard-write; encrypted-media; gyroscope; picture-in-picture; web-share\" referrerpolicy=\"strict-origin-when-cross-origin\" allowfullscreen><\/iframe>\n<\/div><\/figure>\n<\/div>\n\n\n\n<div class=\"wp-block-column is-layout-flow wp-block-column-is-layout-flow\">\n<p><strong>Foros ODS a Debate. Webinar. ODS 8 &#8211; Trabajo decente y crecimiento econ\u00f3mico<\/strong><\/p>\n\n\n\n<p>El trabajo decente sintetiza las aspiraciones de las personas durante su vida laboral. Significa la oportunidad de acceder a un empleo productivo que generar un ingreso justo, la seguridad en el lugar de trabajo y la protecci\u00f3n social para las familias, mejores perspectivas de desarrollo personal e integraci\u00f3n social, libertad para que los individuos expresen sus opiniones, se organicen y participen en las decisiones que afectan a sus vidas, as\u00ed como la igualdad de oportunidades y trato para todas las personas.<\/p>\n<\/div>\n<\/div>\n\n\n\n<hr class=\"wp-block-separator has-text-color has-background has-header-gradient-background-color has-header-gradient-color is-style-default\"\/>\n\n\n\n<div style=\"height:20px\" aria-hidden=\"true\" class=\"wp-block-spacer\"><\/div>\n\n\n\n<div class=\"wp-block-columns is-layout-flex wp-container-core-columns-is-layout-28f84493 wp-block-columns-is-layout-flex\">\n<div class=\"wp-block-column is-layout-flow wp-block-column-is-layout-flow\">\n<figure class=\"wp-block-embed is-type-video is-provider-youtube wp-block-embed-youtube wp-embed-aspect-16-9 wp-has-aspect-ratio\"><div class=\"wp-block-embed__wrapper\">\n<iframe loading=\"lazy\" title=\"2020-06-10. Foros ODS a Debate. Webinar. ODS 3 - Salud y Bienestar Universal\" width=\"750\" height=\"422\" src=\"https:\/\/www.youtube.com\/embed\/vfnwYbJnSVo?feature=oembed\" frameborder=\"0\" allow=\"accelerometer; autoplay; clipboard-write; encrypted-media; gyroscope; picture-in-picture; web-share\" referrerpolicy=\"strict-origin-when-cross-origin\" allowfullscreen><\/iframe>\n<\/div><\/figure>\n<\/div>\n\n\n\n<div class=\"wp-block-column is-layout-flow wp-block-column-is-layout-flow\">\n<p><strong>Foros ODS a Debate. Webinar. ODS 3 &#8211; Salud y Bienestar Universal.<\/strong><\/p>\n\n\n\n<p>La Asociaci\u00f3n de Universidades Populares de Extremadura y la Fundaci\u00f3n Ciudadan\u00eda, de la mano de la Agencia Extreme\u00f1a de Cooperaci\u00f3n Internacional para el Desarrollo de la Junta de Extremadura, desarrolla el Proyecto FOROS \u201cODS A DEBATE\u201d<\/p>\n<\/div>\n<\/div>\n\n\n\n<hr class=\"wp-block-separator has-text-color has-background has-header-gradient-background-color has-header-gradient-color is-style-default\"\/>\n\n\n\n<p><\/p>\n","protected":false},"excerpt":{"rendered":"<p>I Foro Fundaci\u00f3n Primera Fila. &#8216;Silver economy. Opci\u00f3n de futuro para Extremadura&#8217; El Foro Fundaci\u00f3n Primera Fila celebra su primera edici\u00f3n, un encuentro online que pone el foco en colectivos necesitados de atenci\u00f3n social, bajo el t\u00edtulo \u2018Silver economy. Una opci\u00f3n de futuro para Extremadura\u2019. Enfocado 2030: Econom\u00eda Naranja Econom\u00eda [&hellip;]<\/p>\n","protected":false},"author":4,"featured_media":0,"parent":0,"menu_order":0,"comment_status":"closed","ping_status":"closed","template":"","meta":{"jetpack_post_was_ever_published":false,"footnotes":""},"class_list":["post-310","page","type-page","status-publish","hentry"],"yoast_head":"<!-- This site is optimized with the Yoast SEO plugin v27.2 - https:\/\/yoast.com\/product\/yoast-seo-wordpress\/ -->\n<title>Webinars - Econom\u00eda Social sin barreras<\/title>\n<meta name=\"robots\" content=\"index, follow, max-snippet:-1, max-image-preview:large, max-video-preview:-1\" \/>\n<link rel=\"canonical\" href=\"https:\/\/economiasocial.aupex.org\/index.php\/webinars\/\" \/>\n<meta property=\"og:locale\" content=\"es_ES\" \/>\n<meta property=\"og:type\" content=\"article\" \/>\n<meta property=\"og:title\" content=\"Webinars - Econom\u00eda Social sin barreras\" \/>\n<meta property=\"og:description\" content=\"I Foro Fundaci\u00f3n Primera Fila. &#8216;Silver economy. Opci\u00f3n de futuro para Extremadura&#8217; El Foro Fundaci\u00f3n Primera Fila celebra su primera edici\u00f3n, un encuentro online que pone el foco en colectivos necesitados de atenci\u00f3n social, bajo el t\u00edtulo \u2018Silver economy. Una opci\u00f3n de futuro para Extremadura\u2019. Enfocado 2030: Econom\u00eda Naranja Econom\u00eda [&hellip;]\" \/>\n<meta property=\"og:url\" content=\"https:\/\/economiasocial.aupex.org\/index.php\/webinars\/\" \/>\n<meta property=\"og:site_name\" content=\"Econom\u00eda Social sin barreras\" \/>\n<meta property=\"article:modified_time\" content=\"2020-12-29T15:20:09+00:00\" \/>\n<meta property=\"og:image\" content=\"https:\/\/i0.wp.com\/economiasocial.aupex.org\/wp-content\/uploads\/2020\/12\/My-Post.png?fit=1200%2C628&ssl=1\" \/>\n\t<meta property=\"og:image:width\" content=\"1200\" \/>\n\t<meta property=\"og:image:height\" content=\"628\" \/>\n\t<meta property=\"og:image:type\" content=\"image\/png\" \/>\n<meta name=\"twitter:card\" content=\"summary_large_image\" \/>\n<meta name=\"twitter:label1\" content=\"Tiempo de lectura\" \/>\n\t<meta name=\"twitter:data1\" content=\"1 minuto\" \/>\n<script type=\"application\/ld+json\" class=\"yoast-schema-graph\">{\"@context\":\"https:\/\/schema.org\",\"@graph\":[{\"@type\":\"WebPage\",\"@id\":\"https:\/\/economiasocial.aupex.org\/index.php\/webinars\/\",\"url\":\"https:\/\/economiasocial.aupex.org\/index.php\/webinars\/\",\"name\":\"Webinars - Econom\u00eda Social sin barreras\",\"isPartOf\":{\"@id\":\"https:\/\/economiasocial.aupex.org\/#website\"},\"datePublished\":\"2020-12-16T16:02:28+00:00\",\"dateModified\":\"2020-12-29T15:20:09+00:00\",\"breadcrumb\":{\"@id\":\"https:\/\/economiasocial.aupex.org\/index.php\/webinars\/#breadcrumb\"},\"inLanguage\":\"es\",\"potentialAction\":[{\"@type\":\"ReadAction\",\"target\":[\"https:\/\/economiasocial.aupex.org\/index.php\/webinars\/\"]}]},{\"@type\":\"BreadcrumbList\",\"@id\":\"https:\/\/economiasocial.aupex.org\/index.php\/webinars\/#breadcrumb\",\"itemListElement\":[{\"@type\":\"ListItem\",\"position\":1,\"name\":\"Portada\",\"item\":\"https:\/\/economiasocial.aupex.org\/\"},{\"@type\":\"ListItem\",\"position\":2,\"name\":\"Webinars\"}]},{\"@type\":\"WebSite\",\"@id\":\"https:\/\/economiasocial.aupex.org\/#website\",\"url\":\"https:\/\/economiasocial.aupex.org\/\",\"name\":\"Econom\u00eda Social sin barreras\",\"description\":\"Con las personas dependientes de Extremadura\",\"publisher\":{\"@id\":\"https:\/\/economiasocial.aupex.org\/#organization\"},\"potentialAction\":[{\"@type\":\"SearchAction\",\"target\":{\"@type\":\"EntryPoint\",\"urlTemplate\":\"https:\/\/economiasocial.aupex.org\/?s={search_term_string}\"},\"query-input\":{\"@type\":\"PropertyValueSpecification\",\"valueRequired\":true,\"valueName\":\"search_term_string\"}}],\"inLanguage\":\"es\"},{\"@type\":\"Organization\",\"@id\":\"https:\/\/economiasocial.aupex.org\/#organization\",\"name\":\"Econom\u00eda Social sin barreras\",\"url\":\"https:\/\/economiasocial.aupex.org\/\",\"logo\":{\"@type\":\"ImageObject\",\"inLanguage\":\"es\",\"@id\":\"https:\/\/economiasocial.aupex.org\/#\/schema\/logo\/image\/\",\"url\":\"https:\/\/i2.wp.com\/economiasocial.aupex.org\/wp-content\/uploads\/2020\/12\/ES_logo.png?fit=1139%2C363\",\"contentUrl\":\"https:\/\/i2.wp.com\/economiasocial.aupex.org\/wp-content\/uploads\/2020\/12\/ES_logo.png?fit=1139%2C363\",\"width\":1139,\"height\":363,\"caption\":\"Econom\u00eda Social sin barreras\"},\"image\":{\"@id\":\"https:\/\/economiasocial.aupex.org\/#\/schema\/logo\/image\/\"}}]}<\/script>\n<!-- \/ Yoast SEO plugin. -->","yoast_head_json":{"title":"Webinars - Econom\u00eda Social sin barreras","robots":{"index":"index","follow":"follow","max-snippet":"max-snippet:-1","max-image-preview":"max-image-preview:large","max-video-preview":"max-video-preview:-1"},"canonical":"https:\/\/economiasocial.aupex.org\/index.php\/webinars\/","og_locale":"es_ES","og_type":"article","og_title":"Webinars - Econom\u00eda Social sin barreras","og_description":"I Foro Fundaci\u00f3n Primera Fila. &#8216;Silver economy. Opci\u00f3n de futuro para Extremadura&#8217; El Foro Fundaci\u00f3n Primera Fila celebra su primera edici\u00f3n, un encuentro online que pone el foco en colectivos necesitados de atenci\u00f3n social, bajo el t\u00edtulo \u2018Silver economy. Una opci\u00f3n de futuro para Extremadura\u2019. Enfocado 2030: Econom\u00eda Naranja Econom\u00eda [&hellip;]","og_url":"https:\/\/economiasocial.aupex.org\/index.php\/webinars\/","og_site_name":"Econom\u00eda Social sin barreras","article_modified_time":"2020-12-29T15:20:09+00:00","og_image":[{"width":1200,"height":628,"url":"https:\/\/i0.wp.com\/economiasocial.aupex.org\/wp-content\/uploads\/2020\/12\/My-Post.png?fit=1200%2C628&ssl=1","type":"image\/png"}],"twitter_card":"summary_large_image","twitter_misc":{"Tiempo de lectura":"1 minuto"},"schema":{"@context":"https:\/\/schema.org","@graph":[{"@type":"WebPage","@id":"https:\/\/economiasocial.aupex.org\/index.php\/webinars\/","url":"https:\/\/economiasocial.aupex.org\/index.php\/webinars\/","name":"Webinars - Econom\u00eda Social sin barreras","isPartOf":{"@id":"https:\/\/economiasocial.aupex.org\/#website"},"datePublished":"2020-12-16T16:02:28+00:00","dateModified":"2020-12-29T15:20:09+00:00","breadcrumb":{"@id":"https:\/\/economiasocial.aupex.org\/index.php\/webinars\/#breadcrumb"},"inLanguage":"es","potentialAction":[{"@type":"ReadAction","target":["https:\/\/economiasocial.aupex.org\/index.php\/webinars\/"]}]},{"@type":"BreadcrumbList","@id":"https:\/\/economiasocial.aupex.org\/index.php\/webinars\/#breadcrumb","itemListElement":[{"@type":"ListItem","position":1,"name":"Portada","item":"https:\/\/economiasocial.aupex.org\/"},{"@type":"ListItem","position":2,"name":"Webinars"}]},{"@type":"WebSite","@id":"https:\/\/economiasocial.aupex.org\/#website","url":"https:\/\/economiasocial.aupex.org\/","name":"Econom\u00eda Social sin barreras","description":"Con las personas dependientes de Extremadura","publisher":{"@id":"https:\/\/economiasocial.aupex.org\/#organization"},"potentialAction":[{"@type":"SearchAction","target":{"@type":"EntryPoint","urlTemplate":"https:\/\/economiasocial.aupex.org\/?s={search_term_string}"},"query-input":{"@type":"PropertyValueSpecification","valueRequired":true,"valueName":"search_term_string"}}],"inLanguage":"es"},{"@type":"Organization","@id":"https:\/\/economiasocial.aupex.org\/#organization","name":"Econom\u00eda Social sin barreras","url":"https:\/\/economiasocial.aupex.org\/","logo":{"@type":"ImageObject","inLanguage":"es","@id":"https:\/\/economiasocial.aupex.org\/#\/schema\/logo\/image\/","url":"https:\/\/i2.wp.com\/economiasocial.aupex.org\/wp-content\/uploads\/2020\/12\/ES_logo.png?fit=1139%2C363","contentUrl":"https:\/\/i2.wp.com\/economiasocial.aupex.org\/wp-content\/uploads\/2020\/12\/ES_logo.png?fit=1139%2C363","width":1139,"height":363,"caption":"Econom\u00eda Social sin barreras"},"image":{"@id":"https:\/\/economiasocial.aupex.org\/#\/schema\/logo\/image\/"}}]}},"jetpack_shortlink":"https:\/\/wp.me\/PasIM4-50","jetpack-related-posts":[],"jetpack_sharing_enabled":true,"_links":{"self":[{"href":"https:\/\/economiasocial.aupex.org\/index.php\/wp-json\/wp\/v2\/pages\/310","targetHints":{"allow":["GET"]}}],"collection":[{"href":"https:\/\/economiasocial.aupex.org\/index.php\/wp-json\/wp\/v2\/pages"}],"about":[{"href":"https:\/\/economiasocial.aupex.org\/index.php\/wp-json\/wp\/v2\/types\/page"}],"author":[{"embeddable":true,"href":"https:\/\/economiasocial.aupex.org\/index.php\/wp-json\/wp\/v2\/users\/4"}],"replies":[{"embeddable":true,"href":"https:\/\/economiasocial.aupex.org\/index.php\/wp-json\/wp\/v2\/comments?post=310"}],"version-history":[{"count":4,"href":"https:\/\/economiasocial.aupex.org\/index.php\/wp-json\/wp\/v2\/pages\/310\/revisions"}],"predecessor-version":[{"id":498,"href":"https:\/\/economiasocial.aupex.org\/index.php\/wp-json\/wp\/v2\/pages\/310\/revisions\/498"}],"wp:attachment":[{"href":"https:\/\/economiasocial.aupex.org\/index.php\/wp-json\/wp\/v2\/media?parent=310"}],"curies":[{"name":"wp","href":"https:\/\/api.w.org\/{rel}","templated":true}]}}