{"id":340,"date":"2020-12-17T12:00:30","date_gmt":"2020-12-17T12:00:30","guid":{"rendered":"http:\/\/economiasocial.aupex.org\/?page_id=340"},"modified":"2020-12-17T12:18:39","modified_gmt":"2020-12-17T12:18:39","slug":"economia-social","status":"publish","type":"page","link":"https:\/\/economiasocial.aupex.org\/index.php\/economia-social\/","title":{"rendered":"Econom\u00eda Social"},"content":{"rendered":"\n<p class=\"has-accent-color has-text-color\"><strong>\u00bfQu\u00e9 es la Econom\u00eda Social?<\/strong><\/p>\n\n\n\n<p>La configuraci\u00f3n actual de la Econom\u00eda Social espa\u00f1ola viene marcada por la aprobaci\u00f3n de la Ley 5\/2011, de 29 de marzo, de Econom\u00eda Social, que sin duda alguna supuso un punto de inflexi\u00f3n sin precedentes para el reconocimiento, visibilidad y desarrollo del Sector, tanto dentro del propio Estado como de la Uni\u00f3n Europea. Recientemente, la aprobaci\u00f3n de la Ley 31\/2015, de 9 de septiembre, por la que se modifica y actualiza la normativa en materia de autoempleo y se adoptan medidas de fomento y promoci\u00f3n del trabajo aut\u00f3nomo y de la Econom\u00eda Social, ha venido a completar este marco normativo estableciendo medidas de desarrollo y Fomento de la Econom\u00eda social espa\u00f1ola.<\/p>\n\n\n\n<p>El propio texto de la Ley define a la Econom\u00eda Social como el conjunto de actividades econ\u00f3micas y empresariales, que en el \u00e1mbito privado llevan a cabo aquellas entidades que, de conformidad con los siguientes principios, persiguen el inter\u00e9s general econ\u00f3mico o social, o ambos.<\/p>\n\n\n\n<p class=\"has-accent-color has-text-color\"><strong>Los principios que orientan a la Econom\u00eda Social en Espa\u00f1a son:<\/strong><\/p>\n\n\n\n<ul class=\"wp-block-list\"><li>Primac\u00eda de las personas y del fin social sobre el capital, que se concreta en gesti\u00f3n aut\u00f3noma y transparente, democr\u00e1tica y participativa, que lleva a priorizar la toma de decisiones m\u00e1s en funci\u00f3n de las personas y sus aportaciones de trabajo y servicios prestados a la entidad o en funci\u00f3n del fin social, que en relaci\u00f3n a sus aportaciones al capital social.<\/li><li>Aplicaci\u00f3n de los resultados obtenidos de la actividad econ\u00f3mica principalmente en funci\u00f3n del trabajo aportado y servicio o actividad realizada por las socias y socios o por sus miembros y, en su caso, al fin social objeto de la entidad.<\/li><li>Promoci\u00f3n de la solidaridad interna y con la sociedad que favorezca el compromiso con el desarrollo local, la igualdad de oportunidades entre hombres y mujeres, la cohesi\u00f3n social, la inserci\u00f3n de personas en riesgo de exclusi\u00f3n social, la generaci\u00f3n de empleo estable y de calidad, la conciliaci\u00f3n de la vida personal, familiar y laboral y la sostenibilidad.<\/li><li>Independencia respecto a los poderes p\u00fablicos.<\/li><\/ul>\n\n\n\n<p class=\"has-accent-color has-text-color\"><strong>Asimismo, seg\u00fan establece la Ley, forman parte de este conjunto empresarial y diverso que es la Econom\u00eda Social las siguientes entidades:<\/strong><\/p>\n\n\n\n<p><strong>Las cooperativas:<\/strong> La cooperativa es una forma de organizaci\u00f3n empresarial basada en la estructura y funcionamiento democr\u00e1ticos. Su actividad se desarrolla atendiendo a los principios cooperativos, aceptados y regulados en los \u00e1mbitos auton\u00f3mico, estatal e internacional: la adhesi\u00f3n voluntaria y abierta de los socios, la gesti\u00f3n democr\u00e1tica, la participaci\u00f3n econ\u00f3mica de los socios, la educaci\u00f3n, formaci\u00f3n e informaci\u00f3n y el inter\u00e9s por la comunidad.<\/p>\n\n\n\n<p><strong>Las sociedades Laborales:<\/strong> Las sociedades laborales han mostrado un alto potencial de generaci\u00f3n de empresas. En este tipo de empresas, el capital social pertenece mayoritariamente a los trabajadores. El hecho de que los trabajadores sean socios, favorece la automotivaci\u00f3n a la hora de afrontar los proyectos. El m\u00ednimo requerido es de tres y, los tr\u00e1mites de constituci\u00f3n son similares a los de cualquier otra sociedad mercantil.<\/p>\n\n\n\n<p><strong>Las mutualidades:<\/strong> Son sociedades de personas, sin \u00e1nimo de lucro, de estructura y gesti\u00f3n democr\u00e1tica, que ejercen una actividad aseguradora de car\u00e1cter voluntario, complementaria del sistema de previsi\u00f3n de la Seguridad Social.<\/p>\n\n\n\n<p><strong>Los Centros Especiales de Empleo:<\/strong> Son empresas que compatibilizan la viabilidad econ\u00f3mica y su participaci\u00f3n en el mercado con su compromiso social hacia colectivos con menores oportunidades en el mercado de trabajo. Su plantilla est\u00e1 constituida por el mayor n\u00famero de personas con discapacidad (cuyo n\u00famero no puede ser inferior al 70% respecto del total de los trabajadores). Desarrollan una capacidad productiva y competitiva que les permite introducir sus productos en el mercado.<\/p>\n\n\n\n<p><strong>Las empresas de inserci\u00f3n<\/strong> se definen como \u201cestructuras de aprendizaje, en forma mercantil, cuya finalidad es la de posibilitar el acceso al empleo de colectivos desfavorecidos, mediante el desarrollo de una actividad productiva, para lo cual, se dise\u00f1a un proceso de inserci\u00f3n, estableci\u00e9ndose durante el mismo una relaci\u00f3n laboral convencional\u201d. En su plantilla deben tener un porcentaje de trabajadores en inserci\u00f3n, que dependiendo de cada Comunidad Aut\u00f3noma, oscilar\u00e1 entre el 30% y el 60%. El 80% de los resultados se reinvierte en la empresa.<\/p>\n\n\n\n<p><strong>Las Cofrad\u00edas de Pescadores:<\/strong> son corporaciones de derecho p\u00fablico sectoriales, sin \u00e1nimo de lucro, representativa de intereses econ\u00f3micos de armadores de buques de pesca y de trabajadores del sector extractivo, que act\u00faan como \u00f3rganos de consulta y colaboraci\u00f3n de las administraciones competentes en materia de pesca mar\u00edtima y de ordenaci\u00f3n del sector pesquero, cuya gesti\u00f3n se desarrolla con el fin de satisfacer las necesidades e intereses de sus socios, con el compromiso de contribuir al desarrollo local, la cohesi\u00f3n social y la sostenibilidad.<\/p>\n\n\n\n<p><strong>Las asociaciones vinculadas al movimiento de la discapacidad y de la inserci\u00f3n de personas en exclusi\u00f3n<\/strong>. Las principales caracter\u00edsticas de este movimiento asociativo se centra en prestar servicios all\u00ed d\u00f3nde el sector lucrativo falla en su provisi\u00f3n, que adem\u00e1s suele coincidir con aquellos sectores en los que se satisfacen derechos fundamentales, sobre todo en su acceso a colectivos especialmente vulnerables, como las personas con disparidad. Son tambi\u00e9n se\u00f1as de identidad la capacidad de innovaci\u00f3n para satisfacer los problemas que surgen en la sociedad, y la defensa de cambios sociales, legales, administrativos, o de otro tipo, siempre en defensa de los derechos y las libertades de las personas con discapacidad, con base en el respeto a la diversidad, la pluralidad y la tolerancia.<\/p>\n\n\n\n<p><strong>Las fundaciones: <\/strong>son organizaciones constituidas sin fin de lucro que, por voluntad de sus creadores, tienen afectado su patrimonio de modo duradero a la realizaci\u00f3n de un fin de inter\u00e9s general. Las fundaciones de Econom\u00eda Social deben cumplir taxativamente los principios de la Econom\u00eda Social citados, y que recoge la Ley 5\/2011.<\/p>\n\n\n\n<p>En definitiva, la empresa de Econom\u00eda Social es un claro ejemplo de como la racionalidad y el progreso social son compatibles, de c\u00f3mo la eficiencia empresarial puede convivir con la responsabilidad social. De c\u00f3mo otra forma de hacer empresa es posible.<\/p>\n\n\n\n<p>Texto originario publicado en <a href=\"https:\/\/www.cepes.es\/social\/econ_social_que_es\" target=\"_blank\" rel=\"noreferrer noopener\">cepes.es<\/a><\/p>\n","protected":false},"excerpt":{"rendered":"<p>\u00bfQu\u00e9 es la Econom\u00eda Social? La configuraci\u00f3n actual de la Econom\u00eda Social espa\u00f1ola viene marcada por la aprobaci\u00f3n de la Ley 5\/2011, de 29 de marzo, de Econom\u00eda Social, que sin duda alguna supuso un punto de inflexi\u00f3n sin precedentes para el reconocimiento, visibilidad y desarrollo del Sector, tanto dentro [&hellip;]<\/p>\n","protected":false},"author":4,"featured_media":0,"parent":0,"menu_order":0,"comment_status":"closed","ping_status":"closed","template":"","meta":{"jetpack_post_was_ever_published":false,"footnotes":""},"class_list":["post-340","page","type-page","status-publish","hentry"],"yoast_head":"<!-- This site is optimized with the Yoast SEO plugin v27.2 - https:\/\/yoast.com\/product\/yoast-seo-wordpress\/ -->\n<title>Econom\u00eda Social - Econom\u00eda Social sin barreras<\/title>\n<meta name=\"description\" content=\"Econom\u00eda Social. La configuraci\u00f3n actual de la Econom\u00eda Social espa\u00f1ola viene marcada por la aprobaci\u00f3n de la Ley 5\/2011\" \/>\n<meta name=\"robots\" content=\"index, follow, max-snippet:-1, max-image-preview:large, max-video-preview:-1\" \/>\n<link rel=\"canonical\" href=\"https:\/\/economiasocial.aupex.org\/index.php\/economia-social\/\" \/>\n<meta property=\"og:locale\" content=\"es_ES\" \/>\n<meta property=\"og:type\" content=\"article\" \/>\n<meta property=\"og:title\" content=\"Econom\u00eda Social - Econom\u00eda Social sin barreras\" \/>\n<meta property=\"og:description\" content=\"Econom\u00eda Social. La configuraci\u00f3n actual de la Econom\u00eda Social espa\u00f1ola viene marcada por la aprobaci\u00f3n de la Ley 5\/2011\" \/>\n<meta property=\"og:url\" content=\"https:\/\/economiasocial.aupex.org\/index.php\/economia-social\/\" \/>\n<meta property=\"og:site_name\" content=\"Econom\u00eda Social sin barreras\" \/>\n<meta property=\"article:modified_time\" content=\"2020-12-17T12:18:39+00:00\" \/>\n<meta property=\"og:image\" content=\"https:\/\/i0.wp.com\/economiasocial.aupex.org\/wp-content\/uploads\/2020\/12\/My-Post.png?fit=1200%2C628&ssl=1\" \/>\n\t<meta property=\"og:image:width\" content=\"1200\" \/>\n\t<meta property=\"og:image:height\" content=\"628\" \/>\n\t<meta property=\"og:image:type\" content=\"image\/png\" \/>\n<meta name=\"twitter:card\" content=\"summary_large_image\" \/>\n<meta name=\"twitter:label1\" content=\"Tiempo de lectura\" \/>\n\t<meta name=\"twitter:data1\" content=\"5 minutos\" \/>\n<script type=\"application\/ld+json\" class=\"yoast-schema-graph\">{\"@context\":\"https:\/\/schema.org\",\"@graph\":[{\"@type\":\"WebPage\",\"@id\":\"https:\/\/economiasocial.aupex.org\/index.php\/economia-social\/\",\"url\":\"https:\/\/economiasocial.aupex.org\/index.php\/economia-social\/\",\"name\":\"Econom\u00eda Social - Econom\u00eda Social sin barreras\",\"isPartOf\":{\"@id\":\"https:\/\/economiasocial.aupex.org\/#website\"},\"datePublished\":\"2020-12-17T12:00:30+00:00\",\"dateModified\":\"2020-12-17T12:18:39+00:00\",\"description\":\"Econom\u00eda Social. La configuraci\u00f3n actual de la Econom\u00eda Social espa\u00f1ola viene marcada por la aprobaci\u00f3n de la Ley 5\/2011\",\"breadcrumb\":{\"@id\":\"https:\/\/economiasocial.aupex.org\/index.php\/economia-social\/#breadcrumb\"},\"inLanguage\":\"es\",\"potentialAction\":[{\"@type\":\"ReadAction\",\"target\":[\"https:\/\/economiasocial.aupex.org\/index.php\/economia-social\/\"]}]},{\"@type\":\"BreadcrumbList\",\"@id\":\"https:\/\/economiasocial.aupex.org\/index.php\/economia-social\/#breadcrumb\",\"itemListElement\":[{\"@type\":\"ListItem\",\"position\":1,\"name\":\"Portada\",\"item\":\"https:\/\/economiasocial.aupex.org\/\"},{\"@type\":\"ListItem\",\"position\":2,\"name\":\"Econom\u00eda Social\"}]},{\"@type\":\"WebSite\",\"@id\":\"https:\/\/economiasocial.aupex.org\/#website\",\"url\":\"https:\/\/economiasocial.aupex.org\/\",\"name\":\"Econom\u00eda Social sin barreras\",\"description\":\"Con las personas dependientes de Extremadura\",\"publisher\":{\"@id\":\"https:\/\/economiasocial.aupex.org\/#organization\"},\"potentialAction\":[{\"@type\":\"SearchAction\",\"target\":{\"@type\":\"EntryPoint\",\"urlTemplate\":\"https:\/\/economiasocial.aupex.org\/?s={search_term_string}\"},\"query-input\":{\"@type\":\"PropertyValueSpecification\",\"valueRequired\":true,\"valueName\":\"search_term_string\"}}],\"inLanguage\":\"es\"},{\"@type\":\"Organization\",\"@id\":\"https:\/\/economiasocial.aupex.org\/#organization\",\"name\":\"Econom\u00eda Social sin barreras\",\"url\":\"https:\/\/economiasocial.aupex.org\/\",\"logo\":{\"@type\":\"ImageObject\",\"inLanguage\":\"es\",\"@id\":\"https:\/\/economiasocial.aupex.org\/#\/schema\/logo\/image\/\",\"url\":\"https:\/\/i2.wp.com\/economiasocial.aupex.org\/wp-content\/uploads\/2020\/12\/ES_logo.png?fit=1139%2C363\",\"contentUrl\":\"https:\/\/i2.wp.com\/economiasocial.aupex.org\/wp-content\/uploads\/2020\/12\/ES_logo.png?fit=1139%2C363\",\"width\":1139,\"height\":363,\"caption\":\"Econom\u00eda Social sin barreras\"},\"image\":{\"@id\":\"https:\/\/economiasocial.aupex.org\/#\/schema\/logo\/image\/\"}}]}<\/script>\n<!-- \/ Yoast SEO plugin. -->","yoast_head_json":{"title":"Econom\u00eda Social - Econom\u00eda Social sin barreras","description":"Econom\u00eda Social. La configuraci\u00f3n actual de la Econom\u00eda Social espa\u00f1ola viene marcada por la aprobaci\u00f3n de la Ley 5\/2011","robots":{"index":"index","follow":"follow","max-snippet":"max-snippet:-1","max-image-preview":"max-image-preview:large","max-video-preview":"max-video-preview:-1"},"canonical":"https:\/\/economiasocial.aupex.org\/index.php\/economia-social\/","og_locale":"es_ES","og_type":"article","og_title":"Econom\u00eda Social - Econom\u00eda Social sin barreras","og_description":"Econom\u00eda Social. La configuraci\u00f3n actual de la Econom\u00eda Social espa\u00f1ola viene marcada por la aprobaci\u00f3n de la Ley 5\/2011","og_url":"https:\/\/economiasocial.aupex.org\/index.php\/economia-social\/","og_site_name":"Econom\u00eda Social sin barreras","article_modified_time":"2020-12-17T12:18:39+00:00","og_image":[{"width":1200,"height":628,"url":"https:\/\/i0.wp.com\/economiasocial.aupex.org\/wp-content\/uploads\/2020\/12\/My-Post.png?fit=1200%2C628&ssl=1","type":"image\/png"}],"twitter_card":"summary_large_image","twitter_misc":{"Tiempo de lectura":"5 minutos"},"schema":{"@context":"https:\/\/schema.org","@graph":[{"@type":"WebPage","@id":"https:\/\/economiasocial.aupex.org\/index.php\/economia-social\/","url":"https:\/\/economiasocial.aupex.org\/index.php\/economia-social\/","name":"Econom\u00eda Social - Econom\u00eda Social sin barreras","isPartOf":{"@id":"https:\/\/economiasocial.aupex.org\/#website"},"datePublished":"2020-12-17T12:00:30+00:00","dateModified":"2020-12-17T12:18:39+00:00","description":"Econom\u00eda Social. La configuraci\u00f3n actual de la Econom\u00eda Social espa\u00f1ola viene marcada por la aprobaci\u00f3n de la Ley 5\/2011","breadcrumb":{"@id":"https:\/\/economiasocial.aupex.org\/index.php\/economia-social\/#breadcrumb"},"inLanguage":"es","potentialAction":[{"@type":"ReadAction","target":["https:\/\/economiasocial.aupex.org\/index.php\/economia-social\/"]}]},{"@type":"BreadcrumbList","@id":"https:\/\/economiasocial.aupex.org\/index.php\/economia-social\/#breadcrumb","itemListElement":[{"@type":"ListItem","position":1,"name":"Portada","item":"https:\/\/economiasocial.aupex.org\/"},{"@type":"ListItem","position":2,"name":"Econom\u00eda Social"}]},{"@type":"WebSite","@id":"https:\/\/economiasocial.aupex.org\/#website","url":"https:\/\/economiasocial.aupex.org\/","name":"Econom\u00eda Social sin barreras","description":"Con las personas dependientes de Extremadura","publisher":{"@id":"https:\/\/economiasocial.aupex.org\/#organization"},"potentialAction":[{"@type":"SearchAction","target":{"@type":"EntryPoint","urlTemplate":"https:\/\/economiasocial.aupex.org\/?s={search_term_string}"},"query-input":{"@type":"PropertyValueSpecification","valueRequired":true,"valueName":"search_term_string"}}],"inLanguage":"es"},{"@type":"Organization","@id":"https:\/\/economiasocial.aupex.org\/#organization","name":"Econom\u00eda Social sin barreras","url":"https:\/\/economiasocial.aupex.org\/","logo":{"@type":"ImageObject","inLanguage":"es","@id":"https:\/\/economiasocial.aupex.org\/#\/schema\/logo\/image\/","url":"https:\/\/i2.wp.com\/economiasocial.aupex.org\/wp-content\/uploads\/2020\/12\/ES_logo.png?fit=1139%2C363","contentUrl":"https:\/\/i2.wp.com\/economiasocial.aupex.org\/wp-content\/uploads\/2020\/12\/ES_logo.png?fit=1139%2C363","width":1139,"height":363,"caption":"Econom\u00eda Social sin barreras"},"image":{"@id":"https:\/\/economiasocial.aupex.org\/#\/schema\/logo\/image\/"}}]}},"jetpack_shortlink":"https:\/\/wp.me\/PasIM4-5u","jetpack-related-posts":[],"jetpack_sharing_enabled":true,"_links":{"self":[{"href":"https:\/\/economiasocial.aupex.org\/index.php\/wp-json\/wp\/v2\/pages\/340","targetHints":{"allow":["GET"]}}],"collection":[{"href":"https:\/\/economiasocial.aupex.org\/index.php\/wp-json\/wp\/v2\/pages"}],"about":[{"href":"https:\/\/economiasocial.aupex.org\/index.php\/wp-json\/wp\/v2\/types\/page"}],"author":[{"embeddable":true,"href":"https:\/\/economiasocial.aupex.org\/index.php\/wp-json\/wp\/v2\/users\/4"}],"replies":[{"embeddable":true,"href":"https:\/\/economiasocial.aupex.org\/index.php\/wp-json\/wp\/v2\/comments?post=340"}],"version-history":[{"count":4,"href":"https:\/\/economiasocial.aupex.org\/index.php\/wp-json\/wp\/v2\/pages\/340\/revisions"}],"predecessor-version":[{"id":348,"href":"https:\/\/economiasocial.aupex.org\/index.php\/wp-json\/wp\/v2\/pages\/340\/revisions\/348"}],"wp:attachment":[{"href":"https:\/\/economiasocial.aupex.org\/index.php\/wp-json\/wp\/v2\/media?parent=340"}],"curies":[{"name":"wp","href":"https:\/\/api.w.org\/{rel}","templated":true}]}}