{"id":390,"date":"2020-12-19T17:36:52","date_gmt":"2020-12-19T17:36:52","guid":{"rendered":"http:\/\/economiasocial.aupex.org\/?page_id=390"},"modified":"2020-12-21T16:47:35","modified_gmt":"2020-12-21T16:47:35","slug":"guias-economia-social","status":"publish","type":"page","link":"https:\/\/economiasocial.aupex.org\/index.php\/guias-economia-social\/","title":{"rendered":"Gu\u00edas"},"content":{"rendered":"\n<p><strong>Gu\u00edas de econom\u00eda social:<\/strong><\/p>\n\n\n\n<p><a href=\"https:\/\/docs.google.com\/viewerng\/viewer?url=https:\/\/www.cepes.es\/files\/publicaciones\/120.pdf\">La Econom\u00eda Social En Espa\u00f1a 2020<\/a><\/p>\n\n\n\n<p><a href=\"https:\/\/proyectoefes.es\/wp-content\/uploads\/2020\/05\/guia-creando-valor-castellano-1.pdf\">Creando valor: Gu\u00eda de herramientas y recursos para el emprendimiento social<\/a><\/p>\n\n\n\n<p><a href=\"https:\/\/proyectoefes.es\/wp-content\/uploads\/2019\/02\/Gui%CC%81a-Entidades-Economi%CC%81a-Social.pdf\">Gu\u00eda de entidades de Econom\u00eda Social<\/a><\/p>\n\n\n\n<p><a href=\"https:\/\/proyectoefes.es\/wp-content\/uploads\/2019\/01\/Mini-Gu%C3%ADa-de-Entidades-de-Econom%C3%ADa-Social-en-Extremadura.pdf\">Mini-gu\u00eda de Entidades de Econom\u00eda Social en Extremadura<\/a>.<\/p>\n\n\n\n<p><a href=\"http:\/\/www.aexlab.org\/wp-content\/uploads\/guia-practica-empresas-economia-social-ambito-social-aexlab-opt.pdf\" target=\"_blank\" rel=\"noreferrer noopener\">Gu\u00eda Fomento de la econom\u00eda social \u00e1mbito servicios sociales<\/a><\/p>\n\n\n\n<p><a href=\"http:\/\/www.aexlab.org\/wp-content\/uploads\/Guia-creacion-sociedades-laborales-aexlab.pdf\" target=\"_blank\" rel=\"noreferrer noopener\">Gu\u00eda&nbsp;creaci\u00f3n de Sociedades Laborales (Extremadura)<\/a><\/p>\n\n\n\n<p><a href=\"http:\/\/www.aexlab.org\/wp-content\/uploads\/MANUAL-AEXLAB-SOCIEDADES-LABORALES.pdf\" target=\"_blank\" rel=\"noreferrer noopener\">Manual&nbsp;creaci\u00f3n Sociedades Laborales<\/a><\/p>\n\n\n\n<p><strong>Gu\u00edas t\u00e9cnicas<\/strong>:<\/p>\n\n\n\n<p><a href=\"http:\/\/economiasocial.aupex.org\/wp-content\/uploads\/2020\/12\/PIEX-completo.pdf\" target=\"_blank\" rel=\"noreferrer noopener\">Plan Intergeneracional de Extremadura 2020-2025<\/a><\/p>\n\n\n\n<p><a href=\"https:\/\/extremaduraempresarial.es\/conectafinanciacion\/wp-content\/uploads\/2017\/03\/Guia_financiacion_empresarial.pdf\" target=\"_blank\" rel=\"noreferrer noopener\">\u00bfC\u00f3mo financiar mi empresa?<\/a><\/p>\n\n\n\n<p><a href=\"https:\/\/extremaduraempresarial.es\/conectafinanciacion\/wp-content\/uploads\/2017\/03\/Guia_plan_de_empresa.pdf\" target=\"_blank\" rel=\"noreferrer noopener\">\u00bfC\u00f3mo hacer un plan de empresa?<\/a><\/p>\n\n\n\n<p><a href=\"https:\/\/extremaduraempresarial.es\/conectafinanciacion\/wp-content\/uploads\/2017\/03\/Guia_plan_economico_financiero.pdf\" target=\"_blank\" rel=\"noreferrer noopener\">\u00bfC\u00f3mo hacer un plan econ\u00f3mico financiero?<\/a><\/p>\n\n\n\n<p><a href=\"https:\/\/proyectoefes.es\/wp-content\/uploads\/2018\/12\/Guia-IMEX-Versi%C3%B3n-Final.pdf\">Herramientas y recursos de apoyo al emprendimiento social desde una perspectiva de g\u00e9nero<\/a>.<\/p>\n\n\n\n<div style=\"height:20px\" aria-hidden=\"true\" class=\"wp-block-spacer\"><\/div>\n","protected":false},"excerpt":{"rendered":"<p>Gu\u00edas de econom\u00eda social: La Econom\u00eda Social En Espa\u00f1a 2020 Creando valor: Gu\u00eda de herramientas y recursos para el emprendimiento social Gu\u00eda de entidades de Econom\u00eda Social Mini-gu\u00eda de Entidades de Econom\u00eda Social en Extremadura. Gu\u00eda Fomento de la econom\u00eda social \u00e1mbito servicios sociales Gu\u00eda&nbsp;creaci\u00f3n de Sociedades Laborales (Extremadura) Manual&nbsp;creaci\u00f3n [&hellip;]<\/p>\n","protected":false},"author":4,"featured_media":0,"parent":0,"menu_order":0,"comment_status":"closed","ping_status":"closed","template":"","meta":{"jetpack_post_was_ever_published":false,"footnotes":""},"class_list":["post-390","page","type-page","status-publish","hentry"],"yoast_head":"<!-- This site is optimized with the Yoast SEO plugin v27.2 - https:\/\/yoast.com\/product\/yoast-seo-wordpress\/ -->\n<title>Gu\u00edas - Econom\u00eda Social sin barreras<\/title>\n<meta name=\"description\" content=\"Guias de econom\u00f1ia social\" \/>\n<meta name=\"robots\" content=\"index, follow, max-snippet:-1, max-image-preview:large, max-video-preview:-1\" \/>\n<link rel=\"canonical\" href=\"https:\/\/economiasocial.aupex.org\/index.php\/guias-economia-social\/\" \/>\n<meta property=\"og:locale\" content=\"es_ES\" \/>\n<meta property=\"og:type\" content=\"article\" \/>\n<meta property=\"og:title\" content=\"Gu\u00edas - Econom\u00eda Social sin barreras\" \/>\n<meta property=\"og:description\" content=\"Guias de econom\u00f1ia social\" \/>\n<meta property=\"og:url\" content=\"https:\/\/economiasocial.aupex.org\/index.php\/guias-economia-social\/\" \/>\n<meta property=\"og:site_name\" content=\"Econom\u00eda Social sin barreras\" \/>\n<meta property=\"article:modified_time\" content=\"2020-12-21T16:47:35+00:00\" \/>\n<meta property=\"og:image\" content=\"https:\/\/i0.wp.com\/economiasocial.aupex.org\/wp-content\/uploads\/2020\/12\/My-Post.png?fit=1200%2C628&ssl=1\" \/>\n\t<meta property=\"og:image:width\" content=\"1200\" \/>\n\t<meta property=\"og:image:height\" content=\"628\" \/>\n\t<meta property=\"og:image:type\" content=\"image\/png\" \/>\n<meta name=\"twitter:card\" content=\"summary_large_image\" \/>\n<meta name=\"twitter:label1\" content=\"Tiempo de lectura\" \/>\n\t<meta name=\"twitter:data1\" content=\"1 minuto\" \/>\n<script type=\"application\/ld+json\" class=\"yoast-schema-graph\">{\"@context\":\"https:\/\/schema.org\",\"@graph\":[{\"@type\":\"WebPage\",\"@id\":\"https:\/\/economiasocial.aupex.org\/index.php\/guias-economia-social\/\",\"url\":\"https:\/\/economiasocial.aupex.org\/index.php\/guias-economia-social\/\",\"name\":\"Gu\u00edas - Econom\u00eda Social sin barreras\",\"isPartOf\":{\"@id\":\"https:\/\/economiasocial.aupex.org\/#website\"},\"datePublished\":\"2020-12-19T17:36:52+00:00\",\"dateModified\":\"2020-12-21T16:47:35+00:00\",\"description\":\"Guias de econom\u00f1ia social\",\"breadcrumb\":{\"@id\":\"https:\/\/economiasocial.aupex.org\/index.php\/guias-economia-social\/#breadcrumb\"},\"inLanguage\":\"es\",\"potentialAction\":[{\"@type\":\"ReadAction\",\"target\":[\"https:\/\/economiasocial.aupex.org\/index.php\/guias-economia-social\/\"]}]},{\"@type\":\"BreadcrumbList\",\"@id\":\"https:\/\/economiasocial.aupex.org\/index.php\/guias-economia-social\/#breadcrumb\",\"itemListElement\":[{\"@type\":\"ListItem\",\"position\":1,\"name\":\"Portada\",\"item\":\"https:\/\/economiasocial.aupex.org\/\"},{\"@type\":\"ListItem\",\"position\":2,\"name\":\"Gu\u00edas\"}]},{\"@type\":\"WebSite\",\"@id\":\"https:\/\/economiasocial.aupex.org\/#website\",\"url\":\"https:\/\/economiasocial.aupex.org\/\",\"name\":\"Econom\u00eda Social sin barreras\",\"description\":\"Con las personas dependientes de Extremadura\",\"publisher\":{\"@id\":\"https:\/\/economiasocial.aupex.org\/#organization\"},\"potentialAction\":[{\"@type\":\"SearchAction\",\"target\":{\"@type\":\"EntryPoint\",\"urlTemplate\":\"https:\/\/economiasocial.aupex.org\/?s={search_term_string}\"},\"query-input\":{\"@type\":\"PropertyValueSpecification\",\"valueRequired\":true,\"valueName\":\"search_term_string\"}}],\"inLanguage\":\"es\"},{\"@type\":\"Organization\",\"@id\":\"https:\/\/economiasocial.aupex.org\/#organization\",\"name\":\"Econom\u00eda Social sin barreras\",\"url\":\"https:\/\/economiasocial.aupex.org\/\",\"logo\":{\"@type\":\"ImageObject\",\"inLanguage\":\"es\",\"@id\":\"https:\/\/economiasocial.aupex.org\/#\/schema\/logo\/image\/\",\"url\":\"https:\/\/i2.wp.com\/economiasocial.aupex.org\/wp-content\/uploads\/2020\/12\/ES_logo.png?fit=1139%2C363\",\"contentUrl\":\"https:\/\/i2.wp.com\/economiasocial.aupex.org\/wp-content\/uploads\/2020\/12\/ES_logo.png?fit=1139%2C363\",\"width\":1139,\"height\":363,\"caption\":\"Econom\u00eda Social sin barreras\"},\"image\":{\"@id\":\"https:\/\/economiasocial.aupex.org\/#\/schema\/logo\/image\/\"}}]}<\/script>\n<!-- \/ Yoast SEO plugin. -->","yoast_head_json":{"title":"Gu\u00edas - Econom\u00eda Social sin barreras","description":"Guias de econom\u00f1ia social","robots":{"index":"index","follow":"follow","max-snippet":"max-snippet:-1","max-image-preview":"max-image-preview:large","max-video-preview":"max-video-preview:-1"},"canonical":"https:\/\/economiasocial.aupex.org\/index.php\/guias-economia-social\/","og_locale":"es_ES","og_type":"article","og_title":"Gu\u00edas - Econom\u00eda Social sin barreras","og_description":"Guias de econom\u00f1ia social","og_url":"https:\/\/economiasocial.aupex.org\/index.php\/guias-economia-social\/","og_site_name":"Econom\u00eda Social sin barreras","article_modified_time":"2020-12-21T16:47:35+00:00","og_image":[{"width":1200,"height":628,"url":"https:\/\/i0.wp.com\/economiasocial.aupex.org\/wp-content\/uploads\/2020\/12\/My-Post.png?fit=1200%2C628&ssl=1","type":"image\/png"}],"twitter_card":"summary_large_image","twitter_misc":{"Tiempo de lectura":"1 minuto"},"schema":{"@context":"https:\/\/schema.org","@graph":[{"@type":"WebPage","@id":"https:\/\/economiasocial.aupex.org\/index.php\/guias-economia-social\/","url":"https:\/\/economiasocial.aupex.org\/index.php\/guias-economia-social\/","name":"Gu\u00edas - Econom\u00eda Social sin barreras","isPartOf":{"@id":"https:\/\/economiasocial.aupex.org\/#website"},"datePublished":"2020-12-19T17:36:52+00:00","dateModified":"2020-12-21T16:47:35+00:00","description":"Guias de econom\u00f1ia social","breadcrumb":{"@id":"https:\/\/economiasocial.aupex.org\/index.php\/guias-economia-social\/#breadcrumb"},"inLanguage":"es","potentialAction":[{"@type":"ReadAction","target":["https:\/\/economiasocial.aupex.org\/index.php\/guias-economia-social\/"]}]},{"@type":"BreadcrumbList","@id":"https:\/\/economiasocial.aupex.org\/index.php\/guias-economia-social\/#breadcrumb","itemListElement":[{"@type":"ListItem","position":1,"name":"Portada","item":"https:\/\/economiasocial.aupex.org\/"},{"@type":"ListItem","position":2,"name":"Gu\u00edas"}]},{"@type":"WebSite","@id":"https:\/\/economiasocial.aupex.org\/#website","url":"https:\/\/economiasocial.aupex.org\/","name":"Econom\u00eda Social sin barreras","description":"Con las personas dependientes de Extremadura","publisher":{"@id":"https:\/\/economiasocial.aupex.org\/#organization"},"potentialAction":[{"@type":"SearchAction","target":{"@type":"EntryPoint","urlTemplate":"https:\/\/economiasocial.aupex.org\/?s={search_term_string}"},"query-input":{"@type":"PropertyValueSpecification","valueRequired":true,"valueName":"search_term_string"}}],"inLanguage":"es"},{"@type":"Organization","@id":"https:\/\/economiasocial.aupex.org\/#organization","name":"Econom\u00eda Social sin barreras","url":"https:\/\/economiasocial.aupex.org\/","logo":{"@type":"ImageObject","inLanguage":"es","@id":"https:\/\/economiasocial.aupex.org\/#\/schema\/logo\/image\/","url":"https:\/\/i2.wp.com\/economiasocial.aupex.org\/wp-content\/uploads\/2020\/12\/ES_logo.png?fit=1139%2C363","contentUrl":"https:\/\/i2.wp.com\/economiasocial.aupex.org\/wp-content\/uploads\/2020\/12\/ES_logo.png?fit=1139%2C363","width":1139,"height":363,"caption":"Econom\u00eda Social sin barreras"},"image":{"@id":"https:\/\/economiasocial.aupex.org\/#\/schema\/logo\/image\/"}}]}},"jetpack_shortlink":"https:\/\/wp.me\/PasIM4-6i","jetpack-related-posts":[],"jetpack_sharing_enabled":true,"_links":{"self":[{"href":"https:\/\/economiasocial.aupex.org\/index.php\/wp-json\/wp\/v2\/pages\/390","targetHints":{"allow":["GET"]}}],"collection":[{"href":"https:\/\/economiasocial.aupex.org\/index.php\/wp-json\/wp\/v2\/pages"}],"about":[{"href":"https:\/\/economiasocial.aupex.org\/index.php\/wp-json\/wp\/v2\/types\/page"}],"author":[{"embeddable":true,"href":"https:\/\/economiasocial.aupex.org\/index.php\/wp-json\/wp\/v2\/users\/4"}],"replies":[{"embeddable":true,"href":"https:\/\/economiasocial.aupex.org\/index.php\/wp-json\/wp\/v2\/comments?post=390"}],"version-history":[{"count":6,"href":"https:\/\/economiasocial.aupex.org\/index.php\/wp-json\/wp\/v2\/pages\/390\/revisions"}],"predecessor-version":[{"id":418,"href":"https:\/\/economiasocial.aupex.org\/index.php\/wp-json\/wp\/v2\/pages\/390\/revisions\/418"}],"wp:attachment":[{"href":"https:\/\/economiasocial.aupex.org\/index.php\/wp-json\/wp\/v2\/media?parent=390"}],"curies":[{"name":"wp","href":"https:\/\/api.w.org\/{rel}","templated":true}]}}