{"id":419,"date":"2020-12-21T18:34:32","date_gmt":"2020-12-21T18:34:32","guid":{"rendered":"http:\/\/economiasocial.aupex.org\/?page_id=419"},"modified":"2020-12-23T12:33:51","modified_gmt":"2020-12-23T12:33:51","slug":"tercer-sector","status":"publish","type":"page","link":"https:\/\/economiasocial.aupex.org\/index.php\/tercer-sector\/","title":{"rendered":"Tercer Sector"},"content":{"rendered":"\n<p><strong>ACCU EXTREMADURA \u2013 Asociaci\u00f3n de Enfermos de Crohn y Colitis Ulcerosa<\/strong><\/p>\n\n\n\n<ul class=\"wp-block-list\"><li>Sede M\u00e9rida: \u2013 C\/Atarazanas, 25 Local Social Tfno.: 924 097824.\u00a0 Mov. 693764029<\/li><li>Sede Badajoz: \u2013 C\/ Gerardo Ram\u00edrez S\u00e1nchez s\/n Tfno.: 924 181108.<\/li><li>Sede C\u00e1ceres: \u2013 Edificio Valhondo. Avda. de la Universidad s\/n 2\u00aa Planta-despacho n\u00ba5\u00a0 Tfno.: 927762545.<\/li><\/ul>\n\n\n\n<p><strong>ADINCA<\/strong><\/p>\n\n\n\n<p>Avenida Pierre de Coubert\u00edn, n\u00ba 5, 10005, C\u00e1ceres<\/p>\n\n\n\n<p><a href=\"https:\/\/adincacaceres.blogspot.com\/\">https:\/\/adincacaceres.blogspot.com\/<\/a><\/p>\n\n\n\n<p><strong>ADISCASAR<\/strong><\/p>\n\n\n\n<p>Barriada de la Diputaci\u00f3n s\/n (Casa de Cultura), 10190 Casar de C\u00e1ceres \u2013 C\u00e1ceres<\/p>\n\n\n\n<p><a href=\"http:\/\/www.cocemfecaceres.org\/?q=node\/47\">http:\/\/www.cocemfecaceres.org\/?q=node\/47<\/a><\/p>\n\n\n\n<p><strong>ADISER HORIZONTES<\/strong><\/p>\n\n\n\n<p>C\/Reyes Huertas, 22.Castuera (Badajoz)<\/p>\n\n\n\n<p><a href=\"http:\/\/www.adiserhorizontes.org\/\">http:\/\/www.adiserhorizontes.org\/<\/a><strong>AEMDI<\/strong><\/p>\n\n\n\n<p>C\/ Pierre de Coubertin, n\u00ba5, 10005, C\u00e1ceres<\/p>\n\n\n\n<p><a href=\"https:\/\/aemdicc.blogspot.com\/\">https:\/\/aemdicc.blogspot.com\/<\/a><\/p>\n\n\n\n<p><strong>AEXPE \u2013 ASOCIACI\u00d3N EXTREME\u00d1A DE PACIENTES CON EXPONDILITIS.<\/strong><\/p>\n\n\n\n<p>C\/ Ebro, 8 .06480 Montijo (Badajoz)<\/p>\n\n\n\n<p><a href=\"http:\/\/aexpebadajoz.blogspot.com\">http:\/\/aexpebadajoz.blogspot.com<\/a><\/p>\n\n\n\n<p><strong>AFIBROEX<\/strong><\/p>\n\n\n\n<p>Casa de Cultura Rodr\u00edguez Mo\u00f1ino. Avda. de Cervantes S\/N, 10005, C\u00c1CERES<\/p>\n\n\n\n<p><a href=\"http:\/\/www.afibroex.com\">www.afibroex.com<\/a><\/p>\n\n\n\n<p><strong>AIMCOZ \u2013 ASOCIACI\u00d3N PARA LA INTEGRACI\u00d3N DE LAS PERSONAS CON DISCAPACIDAD F\u00cdSICA DE LA COMARCA DE ZAFRA.<\/strong><\/p>\n\n\n\n<p>Juan II, 7 06300 Zafra (Badajoz).<\/p>\n\n\n\n<p><a href=\"http:\/\/www.cocemfebadajoz.org\/index.php\/alfaguara\/\">http:\/\/www.cocemfebadajoz.org\/index.php\/alfaguara\/<\/a><\/p>\n\n\n\n<p><strong>ALCER-BADAJOZ \u2013 ASOCIACI\u00d3N PARA LA LUCHA CONTRA ENFERMEDADES DEL RI\u00d1\u00d3N.<\/strong><\/p>\n\n\n\n<p>C\/Padre Tom\u00e1s, 2 Bajo. 06011 Badajoz.<\/p>\n\n\n\n<p><a href=\"https:\/\/alcer.org\/\">https:\/\/alcer.org\/<\/a><\/p>\n\n\n\n<p><strong>ALFAGUARA \u2013 ASOC. DE PERSONAS CON DISCAPACIDAD F\u00cdSICA DE CABEZA DEL BUEY Y COMARCA.<\/strong><\/p>\n\n\n\n<p>C\/ Cruz, 6\u00baB \u2013 06600 Cabeza del Buey (Badajoz)<\/p>\n\n\n\n<p><a href=\"http:\/\/www.cocemfebadajoz.org\/index.php\/alfaguara\/\">http:\/\/www.cocemfebadajoz.org\/index.php\/alfaguara<\/a> <\/p>\n\n\n\n<p><strong>ALZHEI<\/strong><\/p>\n\n\n\n<p>Avenida de Cervantes s\/n, C\u00e1ceres, Casa de cultura A. Rodr\u00edguez Mo\u00f1ino<\/p>\n\n\n\n<p><a href=\"http:\/\/www.alzheicaceres.com\">http:\/\/www.alzheicaceres.com<\/a><\/p>\n\n\n\n<p><strong>AMALUZ<\/strong><\/p>\n\n\n\n<p>Barriada Reina Sof\u00eda, Bloque 6 C, 10900, Arroyo de la Luz \u2013 C\u00e1ceres<\/p>\n\n\n\n<p><strong>AOEX \u2013 ASOCIACI\u00d3N ONCOL\u00d3GICA EXTREME\u00d1A.<\/strong><\/p>\n\n\n\n<p>Av. Godofredo Ortega y Mu\u00f1oz, 1 \u2013 Local 10, 06011 (Badajoz).<\/p>\n\n\n\n<p><a href=\"http:\/\/www.aoex.es\" target=\"_blank\" rel=\"noreferrer noopener\">http:\/\/www.aoex.es<\/a><\/p>\n\n\n\n<p><strong>APAMEX \u2013 ASOCIACI\u00d3N PARA LA ATENCI\u00d3N Y LA INTEGRACI\u00d3N SOCIAL DE LAS PERSONAS CON DISCAPACIDAD F\u00cdSICA DE EXTREMADURA.<\/strong><\/p>\n\n\n\n<p>C\/Gerardo Ram\u00edrez S\u00e1nchez, s\/n. \u2013 06011 Badajoz<\/p>\n\n\n\n<p><a href=\"http:\/\/www.cocemfebadajoz.org\/index.php\/apamex\/\">http:\/\/www.cocemfebadajoz.org\/index.php\/apamex<\/a><\/p>\n\n\n\n<p><strong>APNABA<\/strong><\/p>\n\n\n\n<p>C\/ F\u00e9lix Fern\u00e1ndez Torrado S\/N Badajoz (Badajoz) 06011<\/p>\n\n\n\n<p><a href=\"http:\/\/www.apnaba.org\/\">http:\/\/www.apnaba.org\/<\/a><\/p>\n\n\n\n<p><strong>ARDISMON<\/strong><\/p>\n\n\n\n<p>C\/ Parque de los Remedios, n\u00ba 1, 10170, Montanchez, C\u00e1ceres<\/p>\n\n\n\n<p><strong>ASDEEX-SCOUT<\/strong><\/p>\n\n\n\n<p>Av Fernando Calzadilla 29 Bajo, 06004 Badajoz<\/p>\n\n\n\n<p><a href=\"http:\/\/www.asdeex.org\">www.asdeex.org<\/a><\/p>\n\n\n\n<p><strong>ASOCIACI\u00d3N BANCA ALTERNATIVA \u2013 M\u00c9RIDA.<\/strong><\/p>\n\n\n\n<p>Calle Su\u00e1rez Somonte, 66, 06800 M\u00e9rida, Badajoz.<\/p>\n\n\n\n<p><a href=\"http:\/\/www.aba-merida.org\/\">http:\/\/www.aba-merida.org\/<\/a><\/p>\n\n\n\n<p><strong>ASOCIACI\u00d3N COLABORACI\u00d3N Y ESFUERZO EXTREMADURA (ACOES.EX).<\/strong><\/p>\n\n\n\n<p>Avda. Sinforiano Madro\u00f1ero n\u00ba 19 Entreplanta 06011 (Badajoz)<\/p>\n\n\n\n<p><a href=\"http:\/\/www.acoes.org\">www.acoes.org<\/a><\/p>\n\n\n\n<p><strong>ASOCIACION DE LARINGECTOMIZADOS DE EXTREMADURA.<\/strong><\/p>\n\n\n\n<p>Avda de Lusitania, s\/n, Parque de los Bodegones<\/p>\n\n\n\n<p>06800. M\u00e9rida (Badajoz).<\/p>\n\n\n\n<p><a href=\"http:\/\/www.cocemfebadajoz.org\/index.php\/asociacion-de-laringectomizados\/\">http:\/\/www.cocemfebadajoz.org\/index.php\/asociacion-de-laringectomizados\/<\/a><\/p>\n\n\n\n<p><strong>ASOCIACI\u00d3N DE MINUSV\u00c1LIDOS DE PLASENCIA.<\/strong><\/p>\n\n\n\n<p>C\/ Mar\u00eda de Rojas, n\u00ba 1, bajo izquierda, 10600, Plasencia<\/p>\n\n\n\n<p><strong>ASOCIACI\u00d3N EXTREME\u00d1A DE FUNDACIONES.<\/strong><\/p>\n\n\n\n<p>Avda. de la Universidad, 2 (Edificio Valhondo) Planta 2\u00aa Despacho 3, Av. de la Universidad, 10003 C\u00e1ceres<\/p>\n\n\n\n<p><a href=\"http:\/\/fundacionesdeextremadura.org\/\">http:\/\/fundacionesdeextremadura.org\/<\/a><\/p>\n\n\n\n<p><strong>ASOCIACI\u00d3N PLATAFORMA SIN BARRERAS<\/strong><\/p>\n\n\n\n<p>C\/ Condestable \u00c1lvaro de Luna, n\u00ba 1, 10200, Trujillo \u2013 C\u00e1ceres<\/p>\n\n\n\n<p><a href=\"https:\/\/plataformasinbarre.wixsite.com\/plataforma\">https:\/\/plataformasinbarre.wixsite.com\/plataforma<\/a><\/p>\n\n\n\n<p><strong>ASOCIACI\u00d3N S\u00cdNDROME DE DOWN DE EXTREMADURA<\/strong><\/p>\n\n\n\n<p>Calle Jos\u00e9 Hierro, s\/n, 06800 M\u00e9rida, Badajoz.<\/p>\n\n\n\n<p><a href=\"http:\/\/www.downex.com\/\">http:\/\/www.downex.com\/<\/a><\/p>\n\n\n\n<p><strong>ASOCIACI\u00d3N STEPHEN HAWKING<\/strong><\/p>\n\n\n\n<p>C\/ El Prado, s\/n (C. A. M. F.), 10160, Alcuescar \u2013 C\u00e1ceres<\/p>\n\n\n\n<p><strong>ASPACE<\/strong><\/p>\n\n\n\n<p>Badajoz: C\/ Gerardo Ram\u00edrez S\u00e1nchez, 12<\/p>\n\n\n\n<p>C\u00e1ceres: C\/ Acuario 2<\/p>\n\n\n\n<p>BADAJOZ <a href=\"https:\/\/www.aspaceba.org\/\">https:\/\/www.aspaceba.org\/<\/a><\/p>\n\n\n\n<p>C\u00c1CERES <a href=\"http:\/\/aspaceextremadura.es\/aspace-caceres.html\">http:\/\/aspaceextremadura.es\/aspace-caceres.html<\/a><\/p>\n\n\n\n<p><strong>AUPEX<\/strong><\/p>\n\n\n\n<p>AUPEX Badajoz Calle Vasco N\u00fa\u00f1ez, 31 Bajo<\/p>\n\n\n\n<p>06001 Badajoz<\/p>\n\n\n\n<p>AUPEX C\u00e1ceres<\/p>\n\n\n\n<p>CREOFONTE Plaza de los Toros s\/n, 10190 Casar de C\u00e1ceres.<\/p>\n\n\n\n<p><a href=\"https:\/\/www.aupex.org\/\">https:\/\/www.aupex.org\/<\/a><\/p>\n\n\n\n<p><strong>CAEX<\/strong><\/p>\n\n\n\n<p>C\/ Maluquer, 10 1\u00ba Derecha \u00b7 10002 C\u00e1ceres<\/p>\n\n\n\n<p><a href=\"http:\/\/caextremadura.org\">http:\/\/caextremadura.org<\/a><\/p>\n\n\n\n<p><strong>C\u00c1RITAS REGIONAL DE EXTREMADURA<\/strong><\/p>\n\n\n\n<p><a href=\"https:\/\/www.caritas.es\/\">https:\/\/www.caritas.es\/<\/a><\/p>\n\n\n\n<p><strong>CERMI EXTREMADURA<\/strong><\/p>\n\n\n\n<p>C\/ Atarazana, 25 (Local Social). 06800 M\u00e9rida (Badajoz)<\/p>\n\n\n\n<p><a href=\"http:\/\/www.cermiextremadura.org\/\">http:\/\/www.cermiextremadura.org\/<\/a><\/p>\n\n\n\n<p><strong>COCEMFE BADAJOZ<\/strong><\/p>\n\n\n\n<p>C\/ Gerardo Ram\u00edrez S\u00e1nchez s\/n<\/p>\n\n\n\n<p>06011 Badajoz.<\/p>\n\n\n\n<p><a href=\"http:\/\/www.cocemfebadajoz.org\">http:\/\/www.cocemfebadajoz.org<\/a><\/p>\n\n\n\n<p><strong>COCEMFE C\u00c1CERES<\/strong><\/p>\n\n\n\n<p>Avenida Pierre de Coubert\u00edn, n\u00ba5, 10005, C\u00e1ceres<\/p>\n\n\n\n<p><a href=\"https:\/\/www.cocemfecaceres.org\/\">https:\/\/www.cocemfecaceres.org\/<\/a><\/p>\n\n\n\n<p><strong>CRUZ ROJA ESPA\u00d1OLA EXTREMADURA<\/strong><\/p>\n\n\n\n<p>C\/ Museo n\u00ba 5, Badajoz, 06003, 924 240 20<\/p>\n\n\n\n<p><a href=\"http:\/\/www.cruzrojaextremadura.org\">www.cruzrojaextremadura.org<\/a><\/p>\n\n\n\n<p><strong>EAPN EXTREMADURA<\/strong><\/p>\n\n\n\n<p>Centro Social San L\u00e1zaro \u2013 Miguel Hern\u00e1ndez. C\/Jarandilla s\/n, 06800, M\u00e9rida, Badajoz 924 048 090<\/p>\n\n\n\n<p><a href=\"http:\/\/eapnextremadura.org\/\">http:\/\/eapnextremadura.org\/<\/a><\/p>\n\n\n\n<p>coordinacion@eapnextremadura.org<\/p>\n\n\n\n<p><strong>EMEX<\/strong><\/p>\n\n\n\n<p>C\/ Pedro romero Mendoza, n\u00ba 9, 10004, C\u00e1ceres<\/p>\n\n\n\n<p><a href=\"http:\/\/asociacionemex.es\/\">http:\/\/asociacionemex.es\/<\/a><\/p>\n\n\n\n<p><strong>FEAFES EXTREMADURA<\/strong><\/p>\n\n\n\n<p>C\/ San Jos\u00e9 n\u00ba 49b, Almendralejo -06200 Badajoz<\/p>\n\n\n\n<p><a href=\"https:\/\/www.feafesextremadura.com\">https:\/\/www.feafesextremadura.com<\/a><\/p>\n\n\n\n<p><strong>FEDAPAS<\/strong><\/p>\n\n\n\n<p>Antonio Hdez. Gil, s\/n | M\u00e9rida 06800 | Tel\u00e9fono 924 301430<\/p>\n\n\n\n<p><a href=\"http:\/\/www.fedapas.es\/\">http:\/\/www.fedapas.es\/<\/a><\/p>\n\n\n\n<p><strong>FEDER EXTREMADURA<\/strong><\/p>\n\n\n\n<p>C\/ Santar\u00e9n, 4, oficina n\u00ba 3. 06011 Badajoz<\/p>\n\n\n\n<p><a href=\"https:\/\/enfermedades-raras.org\/index.php\/feder-extremadura\">https:\/\/enfermedades-raras.org\/index.php\/feder-extremadura<\/a><\/p>\n\n\n\n<p><strong>FEXAD\u00a0FEDERACI\u00d3N EXTREME\u00d1A DE AYUDA AL DROGODEPENDIENTE<\/strong><\/p>\n\n\n\n<p>C \/Jarandilla, s\/n. 06008 M\u00e9rida (Badajoz).<\/p>\n\n\n\n<p><strong>FEXAS<\/strong><\/p>\n\n\n\n<p>C\/Marrakech,19, C\u00e1ceres,10005<\/p>\n\n\n\n<p><a href=\"http:\/\/www.fexas.es\/\">http:\/\/www.fexas.es\/<\/a><\/p>\n\n\n\n<p><strong>FIBROSIS QU\u00cdSTICA<\/strong><\/p>\n\n\n\n<p>C\/ Carrera, n\u00ba 8, Bajo, 10002 C\u00e1ceres<\/p>\n\n\n\n<p><a href=\"http:\/\/www.fibrosisquistica.org\">www.fibrosisquistica.org<\/a><\/p>\n\n\n\n<p><strong>FUNDACI\u00d3N ACADEMIA EUROPEA E IBEROAMERICANA DE YUSTE<\/strong><\/p>\n\n\n\n<p>Real Monasterio de Yuste s\/n, 10430 Cuacos de Yuste (C\u00e1ceres)<\/p>\n\n\n\n<p><a href=\"http:\/\/www.fundacionyuste.org\">www.fundacionyuste.org<\/a><\/p>\n\n\n\n<p><strong>FUNDACI\u00d3N ATENEA<\/strong><\/p>\n\n\n\n<p>C\/ Di\u00f3n Casio 4 06008 M\u00e9rida (Badajoz)<\/p>\n\n\n\n<p><a href=\"https:\/\/fundacionatenea.org\">https:\/\/fundacionatenea.org<\/a><\/p>\n\n\n\n<p><strong>FUNDACI\u00d3N BANCO DE ALIMENTOS DE BADAJOZ<\/strong><\/p>\n\n\n\n<p>Pol\u00edgono Industrial El Nevero, Calle 15 (Silo) 06006 Badajoz<\/p>\n\n\n\n<p><a href=\"http:\/\/www.bancoalimentosbadajoz.org\">www.bancoalimentosbadajoz.org<\/a><\/p>\n\n\n\n<p><strong>FUNDACI\u00d3N CEPAIM<\/strong><\/p>\n\n\n\n<p>Avenida Reina Sof\u00eda, 1,CP 06800 \u2013 M\u00e9rida \u2013<\/p>\n\n\n\n<p>Calle Pablo Luengo, 28, CP 10300 Navalmoral de la Mata \u2013 C\u00e1ceres \u2013<\/p>\n\n\n\n<p><a href=\"http:\/\/cepaim.org\/\">http:\/\/cepaim.org\/<\/a><\/p>\n\n\n\n<p><strong>FUNDACI\u00d3N CIUDADAN\u00cdA<\/strong><\/p>\n\n\n\n<p>CID Municipios Centro Crta Sevilla, 8, 06810 Calamonte, (Badajoz)<\/p>\n\n\n\n<p><a href=\"http:\/\/www.fundacionciudadania.es\">www.fundacionciudadania.es<\/a><\/p>\n\n\n\n<p><strong>FUNDACI\u00d3N DE HERMANOS PARA LA IGUALDAD Y LA INCLUSI\u00d3N SOCIAL<\/strong><\/p>\n\n\n\n<p>CENTRO DE LAS CAPACIDADES, C\/ Villames\u00edas, 3<\/p>\n\n\n\n<p>06800 M\u00e9rida (Badajoz), 924 436 002, 666 448 798<\/p>\n\n\n\n<p>ESCUELAS CONCHA<\/p>\n\n\n\n<p>C\/ Antonio M\u00aa Concha, 59, 10300 Navalmoral de la Mata (C\u00e1ceres)<\/p>\n\n\n\n<p><a href=\"http:\/\/www.fundhex.org\">www.fundhex.org<\/a><\/p>\n\n\n\n<p><a href=\"mailto:info@fundhex.org\">info@fundhex.org<\/a><\/p>\n\n\n\n<p><strong>FUNDACI\u00d3N IGUALDAD CIUDADANA<\/strong><\/p>\n\n\n\n<p>C\/ Cuesta del Maestre n\u00ba 4, 2\u00ba, 10003 C\u00e1ceres.<\/p>\n\n\n\n<p><a href=\"http:\/\/www.fic07.eu\">www.fic07.eu<\/a><\/p>\n\n\n\n<p><strong>FUNDACI\u00d3N RUY L\u00d3PEZ<\/strong><\/p>\n\n\n\n<p>Calle Frailes, 6, 06200 Almendralejo (Badajoz).<\/p>\n\n\n\n<p><a href=\"http:\/\/fruylopez.blogspot.com\">fruylopez.blogspot.com<\/a><\/p>\n\n\n\n<p><strong>FUNDACI\u00d3N SECRETARIADO GITANO DE EXTREMADURA FSG<\/strong><\/p>\n\n\n\n<p>Arg\u00fcello Carvajal Te\u00f3logo Siglo XVII, 27, 06007 Badajoz<\/p>\n\n\n\n<p><a href=\"http:\/\/www.gitanos.org\/extremadura\">www.gitanos.org\/extremadura<\/a><\/p>\n\n\n\n<p><strong>ONCE<\/strong><\/p>\n\n\n\n<p>Manuel Fern\u00e1ndez Mej\u00edas, s\/n<\/p>\n\n\n\n<p>esq. Ronda del Pilar, 06002, Badajoz.<\/p>\n\n\n\n<p><a href=\"https:\/\/www.once.es\/\">https:\/\/www.once.es\/<\/a><\/p>\n\n\n\n<p><strong>PARKINSON EXTREMADURA \u2013 ASOCIACI\u00d3N REGIONAL DE PARKINSON EXTREMADURA<\/strong><\/p>\n\n\n\n<p>C\/Baldomero D\u00edaz de Entresoto, local 6. Apartado 615.<\/p>\n\n\n\n<p>06080 M\u00e9rida (Badajoz)<\/p>\n\n\n\n<p><a href=\"https:\/\/parkinsonextremadura.wordpress.com\/\">https:\/\/parkinsonextremadura.wordpress.com\/<\/a><\/p>\n\n\n\n<p><strong>PLATAFORMA DEL VOLUNTARIADO DE EXTREMADURA<\/strong><\/p>\n\n\n\n<p>C\/ Federico Mayor Zaragoza, s\/n \u2013 06006 Badajoz.<\/p>\n\n\n\n<p><a href=\"https:\/\/volured.com\/\">https:\/\/volured.com\/<\/a><\/p>\n\n\n\n<p><strong>PLENA INCLUSI\u00d3N EXTREMADURA<\/strong><\/p>\n\n\n\n<p>Avenida Juan Carlos I, N\u00ba 47,Bloque 5 \u2013 Bajo 8. CP. 06800 \u2013 M\u00e9rida<\/p>\n\n\n\n<p><a href=\"https:\/\/plenainclusionextremadura.org\/plenainclusion\/\">https:\/\/plenainclusionextremadura.org\/plenainclusion\/<\/a><\/p>\n\n\n\n<p><strong>SERVICIOS Y PROGRAMAS\u00a0DE<\/strong> <strong>COCEMFE C\u00c1CERES<\/strong><\/p>\n\n\n\n<p>C\/ Avenida Pierre Coubert\u00edn, n\u00ba 5, 10005, C\u00e1ceres<\/p>\n\n\n\n<p><a href=\"https:\/\/cocemfecaceres.org\/?q=node\/43\">https:\/\/cocemfecaceres.org\/?q=node\/43<\/a><\/p>\n\n\n\n<p><strong>SOPEMI \u2013 SOCIEDAD PELE\u00d1A DE PERSONAS CON DISCAPACIDAD<\/strong><\/p>\n\n\n\n<p>C\/ Altozano, 30, 06760 Navalvillar de Pela (Badajoz)<\/p>\n\n\n\n<p><a href=\"http:\/\/sopemi.es\/\">http:\/\/sopemi.es\/<\/a><\/p>\n\n\n\n<p><strong>WAZO COOPERATIVA DE INICIATIVA SOCIAL SIN \u00c1NIMO DE LUCRO<\/strong><\/p>\n\n\n\n<p>Calle Federico Garc\u00eda Lorca, 48, 06200 Almendralejo, Badajoz<\/p>\n\n\n\n<p><a href=\"https:\/\/wazo.es\/\">https:\/\/wazo.es\/<\/a><\/p>\n","protected":false},"excerpt":{"rendered":"<p>ACCU EXTREMADURA \u2013 Asociaci\u00f3n de Enfermos de Crohn y Colitis Ulcerosa Sede M\u00e9rida: \u2013 C\/Atarazanas, 25 Local Social Tfno.: 924 097824.\u00a0 Mov. 693764029 Sede Badajoz: \u2013 C\/ Gerardo Ram\u00edrez S\u00e1nchez s\/n Tfno.: 924 181108. Sede C\u00e1ceres: \u2013 Edificio Valhondo. Avda. de la Universidad s\/n 2\u00aa Planta-despacho n\u00ba5\u00a0 Tfno.: 927762545. ADINCA [&hellip;]<\/p>\n","protected":false},"author":4,"featured_media":0,"parent":0,"menu_order":0,"comment_status":"closed","ping_status":"closed","template":"","meta":{"jetpack_post_was_ever_published":false,"footnotes":""},"class_list":["post-419","page","type-page","status-publish","hentry"],"yoast_head":"<!-- This site is optimized with the Yoast SEO plugin v27.2 - https:\/\/yoast.com\/product\/yoast-seo-wordpress\/ -->\n<title>Tercer Sector - Econom\u00eda Social sin barreras<\/title>\n<meta name=\"robots\" content=\"index, follow, max-snippet:-1, max-image-preview:large, max-video-preview:-1\" \/>\n<link rel=\"canonical\" href=\"https:\/\/economiasocial.aupex.org\/index.php\/tercer-sector\/\" \/>\n<meta property=\"og:locale\" content=\"es_ES\" \/>\n<meta property=\"og:type\" content=\"article\" \/>\n<meta property=\"og:title\" content=\"Tercer Sector - Econom\u00eda Social sin barreras\" \/>\n<meta property=\"og:description\" content=\"ACCU EXTREMADURA \u2013 Asociaci\u00f3n de Enfermos de Crohn y Colitis Ulcerosa Sede M\u00e9rida: \u2013 C\/Atarazanas, 25 Local Social Tfno.: 924 097824.\u00a0 Mov. 693764029 Sede Badajoz: \u2013 C\/ Gerardo Ram\u00edrez S\u00e1nchez s\/n Tfno.: 924 181108. Sede C\u00e1ceres: \u2013 Edificio Valhondo. Avda. de la Universidad s\/n 2\u00aa Planta-despacho n\u00ba5\u00a0 Tfno.: 927762545. ADINCA [&hellip;]\" \/>\n<meta property=\"og:url\" content=\"https:\/\/economiasocial.aupex.org\/index.php\/tercer-sector\/\" \/>\n<meta property=\"og:site_name\" content=\"Econom\u00eda Social sin barreras\" \/>\n<meta property=\"article:modified_time\" content=\"2020-12-23T12:33:51+00:00\" \/>\n<meta property=\"og:image\" content=\"https:\/\/i0.wp.com\/economiasocial.aupex.org\/wp-content\/uploads\/2020\/12\/My-Post.png?fit=1200%2C628&ssl=1\" \/>\n\t<meta property=\"og:image:width\" content=\"1200\" \/>\n\t<meta property=\"og:image:height\" content=\"628\" \/>\n\t<meta property=\"og:image:type\" content=\"image\/png\" \/>\n<meta name=\"twitter:card\" content=\"summary_large_image\" \/>\n<meta name=\"twitter:label1\" content=\"Tiempo de lectura\" \/>\n\t<meta name=\"twitter:data1\" content=\"5 minutos\" \/>\n<script type=\"application\/ld+json\" class=\"yoast-schema-graph\">{\"@context\":\"https:\/\/schema.org\",\"@graph\":[{\"@type\":\"WebPage\",\"@id\":\"https:\/\/economiasocial.aupex.org\/index.php\/tercer-sector\/\",\"url\":\"https:\/\/economiasocial.aupex.org\/index.php\/tercer-sector\/\",\"name\":\"Tercer Sector - Econom\u00eda Social sin barreras\",\"isPartOf\":{\"@id\":\"https:\/\/economiasocial.aupex.org\/#website\"},\"datePublished\":\"2020-12-21T18:34:32+00:00\",\"dateModified\":\"2020-12-23T12:33:51+00:00\",\"breadcrumb\":{\"@id\":\"https:\/\/economiasocial.aupex.org\/index.php\/tercer-sector\/#breadcrumb\"},\"inLanguage\":\"es\",\"potentialAction\":[{\"@type\":\"ReadAction\",\"target\":[\"https:\/\/economiasocial.aupex.org\/index.php\/tercer-sector\/\"]}]},{\"@type\":\"BreadcrumbList\",\"@id\":\"https:\/\/economiasocial.aupex.org\/index.php\/tercer-sector\/#breadcrumb\",\"itemListElement\":[{\"@type\":\"ListItem\",\"position\":1,\"name\":\"Portada\",\"item\":\"https:\/\/economiasocial.aupex.org\/\"},{\"@type\":\"ListItem\",\"position\":2,\"name\":\"Tercer Sector\"}]},{\"@type\":\"WebSite\",\"@id\":\"https:\/\/economiasocial.aupex.org\/#website\",\"url\":\"https:\/\/economiasocial.aupex.org\/\",\"name\":\"Econom\u00eda Social sin barreras\",\"description\":\"Con las personas dependientes de Extremadura\",\"publisher\":{\"@id\":\"https:\/\/economiasocial.aupex.org\/#organization\"},\"potentialAction\":[{\"@type\":\"SearchAction\",\"target\":{\"@type\":\"EntryPoint\",\"urlTemplate\":\"https:\/\/economiasocial.aupex.org\/?s={search_term_string}\"},\"query-input\":{\"@type\":\"PropertyValueSpecification\",\"valueRequired\":true,\"valueName\":\"search_term_string\"}}],\"inLanguage\":\"es\"},{\"@type\":\"Organization\",\"@id\":\"https:\/\/economiasocial.aupex.org\/#organization\",\"name\":\"Econom\u00eda Social sin barreras\",\"url\":\"https:\/\/economiasocial.aupex.org\/\",\"logo\":{\"@type\":\"ImageObject\",\"inLanguage\":\"es\",\"@id\":\"https:\/\/economiasocial.aupex.org\/#\/schema\/logo\/image\/\",\"url\":\"https:\/\/i2.wp.com\/economiasocial.aupex.org\/wp-content\/uploads\/2020\/12\/ES_logo.png?fit=1139%2C363\",\"contentUrl\":\"https:\/\/i2.wp.com\/economiasocial.aupex.org\/wp-content\/uploads\/2020\/12\/ES_logo.png?fit=1139%2C363\",\"width\":1139,\"height\":363,\"caption\":\"Econom\u00eda Social sin barreras\"},\"image\":{\"@id\":\"https:\/\/economiasocial.aupex.org\/#\/schema\/logo\/image\/\"}}]}<\/script>\n<!-- \/ Yoast SEO plugin. -->","yoast_head_json":{"title":"Tercer Sector - Econom\u00eda Social sin barreras","robots":{"index":"index","follow":"follow","max-snippet":"max-snippet:-1","max-image-preview":"max-image-preview:large","max-video-preview":"max-video-preview:-1"},"canonical":"https:\/\/economiasocial.aupex.org\/index.php\/tercer-sector\/","og_locale":"es_ES","og_type":"article","og_title":"Tercer Sector - Econom\u00eda Social sin barreras","og_description":"ACCU EXTREMADURA \u2013 Asociaci\u00f3n de Enfermos de Crohn y Colitis Ulcerosa Sede M\u00e9rida: \u2013 C\/Atarazanas, 25 Local Social Tfno.: 924 097824.\u00a0 Mov. 693764029 Sede Badajoz: \u2013 C\/ Gerardo Ram\u00edrez S\u00e1nchez s\/n Tfno.: 924 181108. Sede C\u00e1ceres: \u2013 Edificio Valhondo. Avda. de la Universidad s\/n 2\u00aa Planta-despacho n\u00ba5\u00a0 Tfno.: 927762545. ADINCA [&hellip;]","og_url":"https:\/\/economiasocial.aupex.org\/index.php\/tercer-sector\/","og_site_name":"Econom\u00eda Social sin barreras","article_modified_time":"2020-12-23T12:33:51+00:00","og_image":[{"width":1200,"height":628,"url":"https:\/\/i0.wp.com\/economiasocial.aupex.org\/wp-content\/uploads\/2020\/12\/My-Post.png?fit=1200%2C628&ssl=1","type":"image\/png"}],"twitter_card":"summary_large_image","twitter_misc":{"Tiempo de lectura":"5 minutos"},"schema":{"@context":"https:\/\/schema.org","@graph":[{"@type":"WebPage","@id":"https:\/\/economiasocial.aupex.org\/index.php\/tercer-sector\/","url":"https:\/\/economiasocial.aupex.org\/index.php\/tercer-sector\/","name":"Tercer Sector - Econom\u00eda Social sin barreras","isPartOf":{"@id":"https:\/\/economiasocial.aupex.org\/#website"},"datePublished":"2020-12-21T18:34:32+00:00","dateModified":"2020-12-23T12:33:51+00:00","breadcrumb":{"@id":"https:\/\/economiasocial.aupex.org\/index.php\/tercer-sector\/#breadcrumb"},"inLanguage":"es","potentialAction":[{"@type":"ReadAction","target":["https:\/\/economiasocial.aupex.org\/index.php\/tercer-sector\/"]}]},{"@type":"BreadcrumbList","@id":"https:\/\/economiasocial.aupex.org\/index.php\/tercer-sector\/#breadcrumb","itemListElement":[{"@type":"ListItem","position":1,"name":"Portada","item":"https:\/\/economiasocial.aupex.org\/"},{"@type":"ListItem","position":2,"name":"Tercer Sector"}]},{"@type":"WebSite","@id":"https:\/\/economiasocial.aupex.org\/#website","url":"https:\/\/economiasocial.aupex.org\/","name":"Econom\u00eda Social sin barreras","description":"Con las personas dependientes de Extremadura","publisher":{"@id":"https:\/\/economiasocial.aupex.org\/#organization"},"potentialAction":[{"@type":"SearchAction","target":{"@type":"EntryPoint","urlTemplate":"https:\/\/economiasocial.aupex.org\/?s={search_term_string}"},"query-input":{"@type":"PropertyValueSpecification","valueRequired":true,"valueName":"search_term_string"}}],"inLanguage":"es"},{"@type":"Organization","@id":"https:\/\/economiasocial.aupex.org\/#organization","name":"Econom\u00eda Social sin barreras","url":"https:\/\/economiasocial.aupex.org\/","logo":{"@type":"ImageObject","inLanguage":"es","@id":"https:\/\/economiasocial.aupex.org\/#\/schema\/logo\/image\/","url":"https:\/\/i2.wp.com\/economiasocial.aupex.org\/wp-content\/uploads\/2020\/12\/ES_logo.png?fit=1139%2C363","contentUrl":"https:\/\/i2.wp.com\/economiasocial.aupex.org\/wp-content\/uploads\/2020\/12\/ES_logo.png?fit=1139%2C363","width":1139,"height":363,"caption":"Econom\u00eda Social sin barreras"},"image":{"@id":"https:\/\/economiasocial.aupex.org\/#\/schema\/logo\/image\/"}}]}},"jetpack_shortlink":"https:\/\/wp.me\/PasIM4-6L","jetpack-related-posts":[],"jetpack_sharing_enabled":true,"_links":{"self":[{"href":"https:\/\/economiasocial.aupex.org\/index.php\/wp-json\/wp\/v2\/pages\/419","targetHints":{"allow":["GET"]}}],"collection":[{"href":"https:\/\/economiasocial.aupex.org\/index.php\/wp-json\/wp\/v2\/pages"}],"about":[{"href":"https:\/\/economiasocial.aupex.org\/index.php\/wp-json\/wp\/v2\/types\/page"}],"author":[{"embeddable":true,"href":"https:\/\/economiasocial.aupex.org\/index.php\/wp-json\/wp\/v2\/users\/4"}],"replies":[{"embeddable":true,"href":"https:\/\/economiasocial.aupex.org\/index.php\/wp-json\/wp\/v2\/comments?post=419"}],"version-history":[{"count":12,"href":"https:\/\/economiasocial.aupex.org\/index.php\/wp-json\/wp\/v2\/pages\/419\/revisions"}],"predecessor-version":[{"id":494,"href":"https:\/\/economiasocial.aupex.org\/index.php\/wp-json\/wp\/v2\/pages\/419\/revisions\/494"}],"wp:attachment":[{"href":"https:\/\/economiasocial.aupex.org\/index.php\/wp-json\/wp\/v2\/media?parent=419"}],"curies":[{"name":"wp","href":"https:\/\/api.w.org\/{rel}","templated":true}]}}