{"id":42,"date":"2018-07-23T09:48:52","date_gmt":"2018-07-23T09:48:52","guid":{"rendered":"http:\/\/economiasocial.aupex.org\/?page_id=42"},"modified":"2020-12-22T13:04:26","modified_gmt":"2020-12-22T13:04:26","slug":"el-proyecto","status":"publish","type":"page","link":"https:\/\/economiasocial.aupex.org\/index.php\/el-proyecto\/","title":{"rendered":"El proyecto"},"content":{"rendered":"\n<p><strong>AUPEX y<\/strong> <strong>la econom\u00eda social con las personas dependientes de Extremadura<\/strong> es un proyecto promovido por<a href=\"https:\/\/www.aupex.org\/\" target=\"_blank\" rel=\"noreferrer noopener\"> AUPEX<\/a> para el impulso, formaci\u00f3n y acompa\u00f1amiento de personas emprendedoras de la econom\u00eda social en el \u00e1mbito de la dependencia de Extremadura.<\/p>\n\n\n\n<p class=\"has-accent-color has-text-color\">Nuestros objetivos<\/p>\n\n\n\n<p>-Incrementar los servicios a la dependencia en Extremadura<br>-Impulsar la creaci\u00f3n de empresas de econom\u00eda social<br>-Potenciar habilidades y competencias de emprendimiento social<\/p>\n\n\n\n<p class=\"has-accent-color has-text-color\">Actividades<\/p>\n\n\n\n<p>-Webinars: Seminarios web de informaci\u00f3n y formaci\u00f3n sobre Econom\u00eda Social en Extremadura dirigidos a emprendedores y emprendedoras.<br>-Acompa\u00f1amiento empresarial: Asesoramiento para la puesta en marcha y consolidaci\u00f3n de proyectos empresariales de econom\u00eda social en el \u00e1mbito de la dependencia.<\/p>\n\n\n\n<p class=\"has-accent-color has-text-color\">La organizaci\u00f3n<\/p>\n\n\n\n<p>La Asociaci\u00f3n de Universidades Populares de Extremadura -AUPEX- es una organizaci\u00f3n sin \u00e1nimo de lucro constituida en el a\u00f1o 1992. Es el \u00f3rgano representativo de las m\u00e1s de 200 Universidades Populares que existen en Extremadura, con implantaci\u00f3n en un n\u00famero igual de municipios.<\/p>\n\n\n\n<p>La Universidad Popular -Aupex- es un ente para posibilitar la participaci\u00f3n ciudadana y la educaci\u00f3n a lo largo de la vida, creado desde el Ayuntamiento y vinculado al mismo, desde el que se acometen programas de intervenci\u00f3n en los \u00e1mbitos de la educaci\u00f3n, la cultura, los idiomas, el empleo, la innovaci\u00f3n, las tecnolog\u00edas, etc. <\/p>\n\n\n\n<p>Desde las Universidades Populares se lideran procesos de participaci\u00f3n comunitaria que permiten mitigar desigualdades sociales, desarrollar competencias personales y profesionales y fomentar la cultura emprendedora desde sus espacios de formaci\u00f3n. <\/p>\n\n\n\n<p>Aupex es el nexo de uni\u00f3n entre el gobierno local y sus ciudadanos, y es un instrumento de vital importancia para el ayuntamiento a la hora de dise\u00f1ar y aplicar sus pol\u00edticas.<\/p>\n\n\n\n<p>Como \u00f3rgano representativo de las Universidades Populares de Extremadura, AUPEX se concibe como un espacio de reflexi\u00f3n colectiva, de prestaci\u00f3n de servicios y generaci\u00f3n de recursos y programas.<\/p>\n","protected":false},"excerpt":{"rendered":"<p>AUPEX y la econom\u00eda social con las personas dependientes de Extremadura es un proyecto promovido por AUPEX para el impulso, formaci\u00f3n y acompa\u00f1amiento de personas emprendedoras de la econom\u00eda social en el \u00e1mbito de la dependencia de Extremadura. Nuestros objetivos -Incrementar los servicios a la dependencia en Extremadura-Impulsar la creaci\u00f3n [&hellip;]<\/p>\n","protected":false},"author":4,"featured_media":33,"parent":0,"menu_order":0,"comment_status":"closed","ping_status":"closed","template":"","meta":{"jetpack_post_was_ever_published":false,"footnotes":""},"class_list":["post-42","page","type-page","status-publish","has-post-thumbnail","hentry"],"yoast_head":"<!-- This site is optimized with the Yoast SEO plugin v27.2 - https:\/\/yoast.com\/product\/yoast-seo-wordpress\/ -->\n<title>El proyecto - Econom\u00eda Social sin barreras<\/title>\n<meta name=\"description\" content=\"La econom\u00eda social con las personas dependientes de Extremadura. proyecto promovido por AUPEX .\" \/>\n<meta name=\"robots\" content=\"index, follow, max-snippet:-1, max-image-preview:large, max-video-preview:-1\" \/>\n<link rel=\"canonical\" href=\"https:\/\/economiasocial.aupex.org\/index.php\/el-proyecto\/\" \/>\n<meta property=\"og:locale\" content=\"es_ES\" \/>\n<meta property=\"og:type\" content=\"article\" \/>\n<meta property=\"og:title\" content=\"El proyecto - Econom\u00eda Social sin barreras\" \/>\n<meta property=\"og:description\" content=\"La econom\u00eda social con las personas dependientes de Extremadura. proyecto promovido por AUPEX .\" \/>\n<meta property=\"og:url\" content=\"https:\/\/economiasocial.aupex.org\/index.php\/el-proyecto\/\" \/>\n<meta property=\"og:site_name\" content=\"Econom\u00eda Social sin barreras\" \/>\n<meta property=\"article:modified_time\" content=\"2020-12-22T13:04:26+00:00\" \/>\n<meta property=\"og:image\" content=\"https:\/\/i0.wp.com\/economiasocial.aupex.org\/wp-content\/uploads\/2020\/12\/My-Post.png?fit=1200%2C628&ssl=1\" \/>\n\t<meta property=\"og:image:width\" content=\"1200\" \/>\n\t<meta property=\"og:image:height\" content=\"628\" \/>\n\t<meta property=\"og:image:type\" content=\"image\/png\" \/>\n<meta name=\"twitter:card\" content=\"summary_large_image\" \/>\n<meta name=\"twitter:label1\" content=\"Tiempo de lectura\" \/>\n\t<meta name=\"twitter:data1\" content=\"2 minutos\" \/>\n<script type=\"application\/ld+json\" class=\"yoast-schema-graph\">{\"@context\":\"https:\/\/schema.org\",\"@graph\":[{\"@type\":\"WebPage\",\"@id\":\"https:\/\/economiasocial.aupex.org\/index.php\/el-proyecto\/\",\"url\":\"https:\/\/economiasocial.aupex.org\/index.php\/el-proyecto\/\",\"name\":\"El proyecto - Econom\u00eda Social sin barreras\",\"isPartOf\":{\"@id\":\"https:\/\/economiasocial.aupex.org\/#website\"},\"primaryImageOfPage\":{\"@id\":\"https:\/\/economiasocial.aupex.org\/index.php\/el-proyecto\/#primaryimage\"},\"image\":{\"@id\":\"https:\/\/economiasocial.aupex.org\/index.php\/el-proyecto\/#primaryimage\"},\"thumbnailUrl\":\"https:\/\/i0.wp.com\/economiasocial.aupex.org\/wp-content\/uploads\/2018\/07\/economiasocial_web.jpg?fit=2142%2C1192&ssl=1\",\"datePublished\":\"2018-07-23T09:48:52+00:00\",\"dateModified\":\"2020-12-22T13:04:26+00:00\",\"description\":\"La econom\u00eda social con las personas dependientes de Extremadura. proyecto promovido por AUPEX .\",\"breadcrumb\":{\"@id\":\"https:\/\/economiasocial.aupex.org\/index.php\/el-proyecto\/#breadcrumb\"},\"inLanguage\":\"es\",\"potentialAction\":[{\"@type\":\"ReadAction\",\"target\":[\"https:\/\/economiasocial.aupex.org\/index.php\/el-proyecto\/\"]}]},{\"@type\":\"ImageObject\",\"inLanguage\":\"es\",\"@id\":\"https:\/\/economiasocial.aupex.org\/index.php\/el-proyecto\/#primaryimage\",\"url\":\"https:\/\/i0.wp.com\/economiasocial.aupex.org\/wp-content\/uploads\/2018\/07\/economiasocial_web.jpg?fit=2142%2C1192&ssl=1\",\"contentUrl\":\"https:\/\/i0.wp.com\/economiasocial.aupex.org\/wp-content\/uploads\/2018\/07\/economiasocial_web.jpg?fit=2142%2C1192&ssl=1\",\"width\":2142,\"height\":1192},{\"@type\":\"BreadcrumbList\",\"@id\":\"https:\/\/economiasocial.aupex.org\/index.php\/el-proyecto\/#breadcrumb\",\"itemListElement\":[{\"@type\":\"ListItem\",\"position\":1,\"name\":\"Portada\",\"item\":\"https:\/\/economiasocial.aupex.org\/\"},{\"@type\":\"ListItem\",\"position\":2,\"name\":\"El proyecto\"}]},{\"@type\":\"WebSite\",\"@id\":\"https:\/\/economiasocial.aupex.org\/#website\",\"url\":\"https:\/\/economiasocial.aupex.org\/\",\"name\":\"Econom\u00eda Social sin barreras\",\"description\":\"Con las personas dependientes de Extremadura\",\"publisher\":{\"@id\":\"https:\/\/economiasocial.aupex.org\/#organization\"},\"potentialAction\":[{\"@type\":\"SearchAction\",\"target\":{\"@type\":\"EntryPoint\",\"urlTemplate\":\"https:\/\/economiasocial.aupex.org\/?s={search_term_string}\"},\"query-input\":{\"@type\":\"PropertyValueSpecification\",\"valueRequired\":true,\"valueName\":\"search_term_string\"}}],\"inLanguage\":\"es\"},{\"@type\":\"Organization\",\"@id\":\"https:\/\/economiasocial.aupex.org\/#organization\",\"name\":\"Econom\u00eda Social sin barreras\",\"url\":\"https:\/\/economiasocial.aupex.org\/\",\"logo\":{\"@type\":\"ImageObject\",\"inLanguage\":\"es\",\"@id\":\"https:\/\/economiasocial.aupex.org\/#\/schema\/logo\/image\/\",\"url\":\"https:\/\/i2.wp.com\/economiasocial.aupex.org\/wp-content\/uploads\/2020\/12\/ES_logo.png?fit=1139%2C363\",\"contentUrl\":\"https:\/\/i2.wp.com\/economiasocial.aupex.org\/wp-content\/uploads\/2020\/12\/ES_logo.png?fit=1139%2C363\",\"width\":1139,\"height\":363,\"caption\":\"Econom\u00eda Social sin barreras\"},\"image\":{\"@id\":\"https:\/\/economiasocial.aupex.org\/#\/schema\/logo\/image\/\"}}]}<\/script>\n<!-- \/ Yoast SEO plugin. -->","yoast_head_json":{"title":"El proyecto - Econom\u00eda Social sin barreras","description":"La econom\u00eda social con las personas dependientes de Extremadura. proyecto promovido por AUPEX .","robots":{"index":"index","follow":"follow","max-snippet":"max-snippet:-1","max-image-preview":"max-image-preview:large","max-video-preview":"max-video-preview:-1"},"canonical":"https:\/\/economiasocial.aupex.org\/index.php\/el-proyecto\/","og_locale":"es_ES","og_type":"article","og_title":"El proyecto - Econom\u00eda Social sin barreras","og_description":"La econom\u00eda social con las personas dependientes de Extremadura. proyecto promovido por AUPEX .","og_url":"https:\/\/economiasocial.aupex.org\/index.php\/el-proyecto\/","og_site_name":"Econom\u00eda Social sin barreras","article_modified_time":"2020-12-22T13:04:26+00:00","og_image":[{"width":1200,"height":628,"url":"https:\/\/i0.wp.com\/economiasocial.aupex.org\/wp-content\/uploads\/2020\/12\/My-Post.png?fit=1200%2C628&ssl=1","type":"image\/png"}],"twitter_card":"summary_large_image","twitter_misc":{"Tiempo de lectura":"2 minutos"},"schema":{"@context":"https:\/\/schema.org","@graph":[{"@type":"WebPage","@id":"https:\/\/economiasocial.aupex.org\/index.php\/el-proyecto\/","url":"https:\/\/economiasocial.aupex.org\/index.php\/el-proyecto\/","name":"El proyecto - Econom\u00eda Social sin barreras","isPartOf":{"@id":"https:\/\/economiasocial.aupex.org\/#website"},"primaryImageOfPage":{"@id":"https:\/\/economiasocial.aupex.org\/index.php\/el-proyecto\/#primaryimage"},"image":{"@id":"https:\/\/economiasocial.aupex.org\/index.php\/el-proyecto\/#primaryimage"},"thumbnailUrl":"https:\/\/i0.wp.com\/economiasocial.aupex.org\/wp-content\/uploads\/2018\/07\/economiasocial_web.jpg?fit=2142%2C1192&ssl=1","datePublished":"2018-07-23T09:48:52+00:00","dateModified":"2020-12-22T13:04:26+00:00","description":"La econom\u00eda social con las personas dependientes de Extremadura. proyecto promovido por AUPEX .","breadcrumb":{"@id":"https:\/\/economiasocial.aupex.org\/index.php\/el-proyecto\/#breadcrumb"},"inLanguage":"es","potentialAction":[{"@type":"ReadAction","target":["https:\/\/economiasocial.aupex.org\/index.php\/el-proyecto\/"]}]},{"@type":"ImageObject","inLanguage":"es","@id":"https:\/\/economiasocial.aupex.org\/index.php\/el-proyecto\/#primaryimage","url":"https:\/\/i0.wp.com\/economiasocial.aupex.org\/wp-content\/uploads\/2018\/07\/economiasocial_web.jpg?fit=2142%2C1192&ssl=1","contentUrl":"https:\/\/i0.wp.com\/economiasocial.aupex.org\/wp-content\/uploads\/2018\/07\/economiasocial_web.jpg?fit=2142%2C1192&ssl=1","width":2142,"height":1192},{"@type":"BreadcrumbList","@id":"https:\/\/economiasocial.aupex.org\/index.php\/el-proyecto\/#breadcrumb","itemListElement":[{"@type":"ListItem","position":1,"name":"Portada","item":"https:\/\/economiasocial.aupex.org\/"},{"@type":"ListItem","position":2,"name":"El proyecto"}]},{"@type":"WebSite","@id":"https:\/\/economiasocial.aupex.org\/#website","url":"https:\/\/economiasocial.aupex.org\/","name":"Econom\u00eda Social sin barreras","description":"Con las personas dependientes de Extremadura","publisher":{"@id":"https:\/\/economiasocial.aupex.org\/#organization"},"potentialAction":[{"@type":"SearchAction","target":{"@type":"EntryPoint","urlTemplate":"https:\/\/economiasocial.aupex.org\/?s={search_term_string}"},"query-input":{"@type":"PropertyValueSpecification","valueRequired":true,"valueName":"search_term_string"}}],"inLanguage":"es"},{"@type":"Organization","@id":"https:\/\/economiasocial.aupex.org\/#organization","name":"Econom\u00eda Social sin barreras","url":"https:\/\/economiasocial.aupex.org\/","logo":{"@type":"ImageObject","inLanguage":"es","@id":"https:\/\/economiasocial.aupex.org\/#\/schema\/logo\/image\/","url":"https:\/\/i2.wp.com\/economiasocial.aupex.org\/wp-content\/uploads\/2020\/12\/ES_logo.png?fit=1139%2C363","contentUrl":"https:\/\/i2.wp.com\/economiasocial.aupex.org\/wp-content\/uploads\/2020\/12\/ES_logo.png?fit=1139%2C363","width":1139,"height":363,"caption":"Econom\u00eda Social sin barreras"},"image":{"@id":"https:\/\/economiasocial.aupex.org\/#\/schema\/logo\/image\/"}}]}},"jetpack_shortlink":"https:\/\/wp.me\/PasIM4-G","jetpack-related-posts":[],"jetpack_sharing_enabled":true,"_links":{"self":[{"href":"https:\/\/economiasocial.aupex.org\/index.php\/wp-json\/wp\/v2\/pages\/42","targetHints":{"allow":["GET"]}}],"collection":[{"href":"https:\/\/economiasocial.aupex.org\/index.php\/wp-json\/wp\/v2\/pages"}],"about":[{"href":"https:\/\/economiasocial.aupex.org\/index.php\/wp-json\/wp\/v2\/types\/page"}],"author":[{"embeddable":true,"href":"https:\/\/economiasocial.aupex.org\/index.php\/wp-json\/wp\/v2\/users\/4"}],"replies":[{"embeddable":true,"href":"https:\/\/economiasocial.aupex.org\/index.php\/wp-json\/wp\/v2\/comments?post=42"}],"version-history":[{"count":7,"href":"https:\/\/economiasocial.aupex.org\/index.php\/wp-json\/wp\/v2\/pages\/42\/revisions"}],"predecessor-version":[{"id":472,"href":"https:\/\/economiasocial.aupex.org\/index.php\/wp-json\/wp\/v2\/pages\/42\/revisions\/472"}],"wp:featuredmedia":[{"embeddable":true,"href":"https:\/\/economiasocial.aupex.org\/index.php\/wp-json\/wp\/v2\/media\/33"}],"wp:attachment":[{"href":"https:\/\/economiasocial.aupex.org\/index.php\/wp-json\/wp\/v2\/media?parent=42"}],"curies":[{"name":"wp","href":"https:\/\/api.w.org\/{rel}","templated":true}]}}